{"id":795,"date":"2024-02-25T12:22:27","date_gmt":"2024-02-25T11:22:27","guid":{"rendered":"https:\/\/mariehebbelynckphotographie.com\/?page_id=795"},"modified":"2025-07-24T20:41:44","modified_gmt":"2025-07-24T18:41:44","slug":"contact","status":"publish","type":"page","link":"https:\/\/mariehebbelynckphotographie.com\/index.php\/contact\/","title":{"rendered":"Contact"},"content":{"rendered":"\n<div class=\"wp-block-group alignfull superbthemes-navigation-004 is-layout-flow wp-block-group-is-layout-flow\" style=\"margin-top:0;margin-bottom:0\">\n<div class=\"wp-block-cover\" style=\"margin-top:0;margin-bottom:0;padding-top:0;padding-right:0;padding-bottom:var(--wp--preset--spacing--superbspacing-xxlarge);padding-left:0;min-height:100px\"><span aria-hidden=\"true\" class=\"wp-block-cover__background has-background-dim-20 has-background-dim\"><\/span><img loading=\"lazy\" decoding=\"async\" width=\"2560\" height=\"1707\" class=\"wp-block-cover__image-background wp-image-958\" alt=\"\" src=\"http:\/\/mariehebbelynckphotographie.com\/wp-content\/uploads\/2025\/07\/IMG_2665-scaled.jpeg\" data-object-fit=\"cover\" srcset=\"https:\/\/mariehebbelynckphotographie.com\/wp-content\/uploads\/2025\/07\/IMG_2665-scaled.jpeg 2560w, https:\/\/mariehebbelynckphotographie.com\/wp-content\/uploads\/2025\/07\/IMG_2665-300x200.jpeg 300w, https:\/\/mariehebbelynckphotographie.com\/wp-content\/uploads\/2025\/07\/IMG_2665-1024x683.jpeg 1024w, https:\/\/mariehebbelynckphotographie.com\/wp-content\/uploads\/2025\/07\/IMG_2665-768x512.jpeg 768w, https:\/\/mariehebbelynckphotographie.com\/wp-content\/uploads\/2025\/07\/IMG_2665-1536x1024.jpeg 1536w, https:\/\/mariehebbelynckphotographie.com\/wp-content\/uploads\/2025\/07\/IMG_2665-2048x1365.jpeg 2048w\" sizes=\"(max-width: 2560px) 100vw, 2560px\" \/><div class=\"wp-block-cover__inner-container is-layout-flow wp-container-core-cover-layout-1 wp-block-cover-is-layout-flow\">\n<div class=\"wp-block-group has-contrast-light-color has-text-color is-layout-flow wp-block-group-is-layout-flow\"><\/div>\n\n\n\n<div class=\"wp-block-group alignwide has-global-padding is-layout-constrained wp-container-core-group-layout-3 wp-block-group-is-layout-constrained\" style=\"padding-right:var(--wp--preset--spacing--superbspacing-small);padding-left:var(--wp--preset--spacing--superbspacing-small)\">\n<div class=\"wp-block-group alignwide has-global-padding is-layout-constrained wp-block-group-is-layout-constrained\">\n<h1 class=\"wp-block-heading alignwide has-text-align-left has-contrast-light-color has-text-color has-superbfont-xxlarge-font-size\" style=\"font-style:normal;font-weight:700\"><strong>Un projet photo ? <\/strong><\/h1>\n\n\n\n<h1 class=\"wp-block-heading alignwide has-text-align-left has-contrast-light-color has-text-color has-superbfont-xxlarge-font-size\" style=\"font-style:normal;font-weight:700\"><strong>\u00c9crivez-moi !<\/strong><\/h1>\n\n\n\n<p class=\"has-contrast-light-color has-text-color has-link-color has-superbfont-small-font-size wp-elements-596e83bd68a2455278b4dec3217b086d\">Chaque reportage est unique, comme vous.<\/p>\n\n\n\n<p class=\"has-contrast-light-color has-text-color has-link-color has-superbfont-small-font-size wp-elements-a0e0a9be85b79e17c591d984d7ca1e82\">Que ce soit pour un moment de vie \u00e0 capturer, une activit\u00e9 \u00e0 valoriser ou un regard artistique \u00e0 poser, je serai ravie d\u2019en discuter avec vous.<\/p>\n\n\n\n<p class=\"has-contrast-light-color has-text-color has-link-color has-superbfont-small-font-size wp-elements-8a288b56550256bb3fd719a7be6b2cd8\">Remplissez ce formulaire, et je reviendrai vers vous tr\u00e8s vite !<\/p>\n<\/div>\n\n\n<style id=\"wpforms-css-vars-root\">\n\t\t\t\t:root {\n\t\t\t\t\t--wpforms-field-border-radius: 3px;\n--wpforms-field-background-color: #ffffff;\n--wpforms-field-border-color: rgba( 0, 0, 0, 0.25 );\n--wpforms-field-text-color: rgba( 0, 0, 0, 0.7 );\n--wpforms-label-color: rgba( 0, 0, 0, 0.85 );\n--wpforms-label-sublabel-color: rgba( 0, 0, 0, 0.55 );\n--wpforms-label-error-color: #d63637;\n--wpforms-button-border-radius: 3px;\n--wpforms-button-background-color: #066aab;\n--wpforms-button-text-color: #ffffff;\n--wpforms-field-size-input-height: 43px;\n--wpforms-field-size-input-spacing: 15px;\n--wpforms-field-size-font-size: 16px;\n--wpforms-field-size-line-height: 19px;\n--wpforms-field-size-padding-h: 14px;\n--wpforms-field-size-checkbox-size: 16px;\n--wpforms-field-size-sublabel-spacing: 5px;\n--wpforms-field-size-icon-size: 1;\n--wpforms-label-size-font-size: 16px;\n--wpforms-label-size-line-height: 19px;\n--wpforms-label-size-sublabel-font-size: 14px;\n--wpforms-label-size-sublabel-line-height: 17px;\n--wpforms-button-size-font-size: 17px;\n--wpforms-button-size-height: 41px;\n--wpforms-button-size-padding-h: 15px;\n--wpforms-button-size-margin-top: 10px;\n\n\t\t\t\t}\n\t\t\t<\/style><style id=\"wpforms-css-vars-925-block-2c7817d5-9fe7-4dbc-9070-3b6577c27dda\">\n\t\t\t\t#wpforms-925.wpforms-block-2c7817d5-9fe7-4dbc-9070-3b6577c27dda {\n\t\t\t\t\t--wpforms-field-text-color: #FFFFFF;\n\n\t\t\t\t}\n\t\t\t<\/style><div class=\"wpforms-container wpforms-container-full wpforms-block wpforms-block-2c7817d5-9fe7-4dbc-9070-3b6577c27dda wpforms-render-modern\" id=\"wpforms-925\"><form id=\"wpforms-form-925\" class=\"wpforms-validate wpforms-form wpforms-ajax-form\" data-formid=\"925\" method=\"post\" enctype=\"multipart\/form-data\" action=\"\/index.php\/wp-json\/wp\/v2\/pages\/795\" data-token=\"f4b24204dd84f1f73ce2d274f0a5053a\"><noscript class=\"wpforms-error-noscript\">Please enable JavaScript in your browser to complete this form.<\/noscript><div class=\"wpforms-hidden\" id=\"wpforms-error-noscript\">Please enable JavaScript in your browser to complete this form.<\/div><div class=\"wpforms-field-container\"><div id=\"wpforms-925-field_0-container\" class=\"wpforms-field wpforms-field-name\" data-field-id=\"0\"><fieldset><legend class=\"wpforms-field-label\">Votre nom et pr\u00e9nom <span class=\"wpforms-required-label\" aria-hidden=\"true\">*<\/span><\/legend><div class=\"wpforms-field-row wpforms-field-medium\"><div class=\"wpforms-field-row-block wpforms-first wpforms-one-half\"><input type=\"text\" id=\"wpforms-925-field_0\" class=\"wpforms-field-name-first wpforms-field-required\" name=\"wpforms[fields][0][first]\" aria-errormessage=\"wpforms-925-field_0-error\" required><label for=\"wpforms-925-field_0\" class=\"wpforms-field-sublabel after \">First<\/label><\/div><div class=\"wpforms-field-row-block wpforms-one-half\"><input type=\"text\" id=\"wpforms-925-field_0-last\" class=\"wpforms-field-name-last wpforms-field-required\" name=\"wpforms[fields][0][last]\" aria-errormessage=\"wpforms-925-field_0-last-error\" required><label for=\"wpforms-925-field_0-last\" class=\"wpforms-field-sublabel after \">Last<\/label><\/div><\/div><\/fieldset><\/div><div id=\"wpforms-925-field_1-container\" class=\"wpforms-field wpforms-field-email\" data-field-id=\"1\"><label class=\"wpforms-field-label\" for=\"wpforms-925-field_1\">Email <span class=\"wpforms-required-label\" aria-hidden=\"true\">*<\/span><\/label><input type=\"email\" id=\"wpforms-925-field_1\" class=\"wpforms-field-medium wpforms-field-required\" name=\"wpforms[fields][1]\" spellcheck=\"false\" aria-errormessage=\"wpforms-925-field_1-error\" required><\/div><div id=\"wpforms-925-field_2-container\" class=\"wpforms-field wpforms-field-textarea\" data-field-id=\"2\"><label class=\"wpforms-field-label\" for=\"wpforms-925-field_2\">Votre message<\/label><textarea id=\"wpforms-925-field_2\" class=\"wpforms-field-medium\" name=\"wpforms[fields][2]\" aria-errormessage=\"wpforms-925-field_2-error\" ><\/textarea><\/div><\/div><!-- .wpforms-field-container --><div class=\"wpforms-submit-container\" ><input type=\"hidden\" name=\"wpforms[id]\" value=\"925\"><input type=\"hidden\" name=\"wpforms[author]\" value=\"1\"><button type=\"submit\" name=\"wpforms[submit]\" id=\"wpforms-submit-925\" class=\"wpforms-submit\" data-alt-text=\"Sending...\" data-submit-text=\"Envoyer\" aria-live=\"assertive\" value=\"wpforms-submit\">Envoyer<\/button><img loading=\"lazy\" decoding=\"async\" src=\"https:\/\/mariehebbelynckphotographie.com\/wp-content\/plugins\/wpforms-lite\/assets\/images\/submit-spin.svg\" class=\"wpforms-submit-spinner\" style=\"display: none;\" width=\"26\" height=\"26\" alt=\"Loading\"><\/div><\/form><\/div>  <!-- .wpforms-container --><\/div>\n<\/div><\/div>\n<\/div>\n","protected":false},"excerpt":{"rendered":"","protected":false},"author":1,"featured_media":0,"parent":0,"menu_order":0,"comment_status":"closed","ping_status":"closed","template":"","meta":{"om_disable_all_campaigns":false,"_monsterinsights_skip_tracking":false,"_monsterinsights_sitenote_active":false,"_monsterinsights_sitenote_note":"","_monsterinsights_sitenote_category":0,"footnotes":""},"aioseo_notices":[],"_links":{"self":[{"href":"https:\/\/mariehebbelynckphotographie.com\/index.php\/wp-json\/wp\/v2\/pages\/795"}],"collection":[{"href":"https:\/\/mariehebbelynckphotographie.com\/index.php\/wp-json\/wp\/v2\/pages"}],"about":[{"href":"https:\/\/mariehebbelynckphotographie.com\/index.php\/wp-json\/wp\/v2\/types\/page"}],"author":[{"embeddable":true,"href":"https:\/\/mariehebbelynckphotographie.com\/index.php\/wp-json\/wp\/v2\/users\/1"}],"replies":[{"embeddable":true,"href":"https:\/\/mariehebbelynckphotographie.com\/index.php\/wp-json\/wp\/v2\/comments?post=795"}],"version-history":[{"count":4,"href":"https:\/\/mariehebbelynckphotographie.com\/index.php\/wp-json\/wp\/v2\/pages\/795\/revisions"}],"predecessor-version":[{"id":998,"href":"https:\/\/mariehebbelynckphotographie.com\/index.php\/wp-json\/wp\/v2\/pages\/795\/revisions\/998"}],"wp:attachment":[{"href":"https:\/\/mariehebbelynckphotographie.com\/index.php\/wp-json\/wp\/v2\/media?parent=795"}],"curies":[{"name":"wp","href":"https:\/\/api.w.org\/{rel}","templated":true}]}}