{"id":718,"date":"2024-02-03T19:00:33","date_gmt":"2024-02-03T18:00:33","guid":{"rendered":"https:\/\/mariehebbelynckphotographie.com\/?page_id=718"},"modified":"2025-08-05T17:01:13","modified_gmt":"2025-08-05T15:01:13","slug":"reportage-hotelier-restaurateur","status":"publish","type":"page","link":"https:\/\/mariehebbelynckphotographie.com\/index.php\/reportage-hotelier-restaurateur\/","title":{"rendered":"Reportage H\u00f4telier Restaurateur"},"content":{"rendered":"\n<div class=\"wp-block-group alignfull superbthemes-navigation-004 is-layout-flow wp-block-group-is-layout-flow\" style=\"margin-top:0;margin-bottom:0\">\n<div class=\"wp-block-cover\" style=\"margin-top:0;margin-bottom:0;padding-top:0;padding-right:0;padding-bottom:var(--wp--preset--spacing--superbspacing-xxlarge);padding-left:0;min-height:100px\"><span aria-hidden=\"true\" class=\"wp-block-cover__background has-background-dim-20 has-background-dim\"><\/span><img loading=\"lazy\" decoding=\"async\" width=\"2560\" height=\"1707\" class=\"wp-block-cover__image-background wp-image-972\" alt=\"\" src=\"http:\/\/mariehebbelynckphotographie.com\/wp-content\/uploads\/2025\/07\/IMG_6740-scaled.jpeg\" data-object-fit=\"cover\" srcset=\"https:\/\/mariehebbelynckphotographie.com\/wp-content\/uploads\/2025\/07\/IMG_6740-scaled.jpeg 2560w, https:\/\/mariehebbelynckphotographie.com\/wp-content\/uploads\/2025\/07\/IMG_6740-300x200.jpeg 300w, https:\/\/mariehebbelynckphotographie.com\/wp-content\/uploads\/2025\/07\/IMG_6740-1024x683.jpeg 1024w, https:\/\/mariehebbelynckphotographie.com\/wp-content\/uploads\/2025\/07\/IMG_6740-768x512.jpeg 768w, https:\/\/mariehebbelynckphotographie.com\/wp-content\/uploads\/2025\/07\/IMG_6740-1536x1024.jpeg 1536w, https:\/\/mariehebbelynckphotographie.com\/wp-content\/uploads\/2025\/07\/IMG_6740-2048x1365.jpeg 2048w\" sizes=\"(max-width: 2560px) 100vw, 2560px\" \/><div class=\"wp-block-cover__inner-container is-layout-flow wp-container-core-cover-layout-1 wp-block-cover-is-layout-flow\">\n<div class=\"wp-block-group has-contrast-light-color has-text-color is-layout-flow wp-block-group-is-layout-flow\"><\/div>\n\n\n\n<div class=\"wp-block-group alignwide has-global-padding is-layout-constrained wp-container-core-group-layout-3 wp-block-group-is-layout-constrained\" style=\"padding-right:var(--wp--preset--spacing--superbspacing-small);padding-left:var(--wp--preset--spacing--superbspacing-small)\">\n<div class=\"wp-block-group alignwide has-global-padding is-layout-constrained wp-block-group-is-layout-constrained\">\n<h1 class=\"wp-block-heading alignwide has-text-align-left has-contrast-light-color has-text-color has-superbfont-xxlarge-font-size\" style=\"font-style:normal;font-weight:700\">Photographie de lieux vivants, accueillants et inspirants<\/h1>\n<\/div>\n\n\n\n<div class=\"wp-block-buttons is-layout-flex wp-container-core-buttons-layout-1 wp-block-buttons-is-layout-flex\"><\/div>\n<\/div>\n<\/div><\/div>\n<\/div>\n\n\n\n<div class=\"wp-block-group alignfull has-mono-4-background-color has-background has-global-padding is-layout-constrained wp-container-core-group-layout-6 wp-block-group-is-layout-constrained\" style=\"margin-top:0;margin-bottom:0;padding-top:var(--wp--preset--spacing--superbspacing-xxlarge);padding-right:var(--wp--preset--spacing--superbspacing-small);padding-bottom:var(--wp--preset--spacing--superbspacing-xxlarge);padding-left:var(--wp--preset--spacing--superbspacing-small)\">\n<div class=\"wp-block-columns alignwide is-layout-flex wp-container-core-columns-layout-1 wp-block-columns-is-layout-flex\">\n<div class=\"wp-block-column is-vertically-aligned-center is-layout-flow wp-container-core-column-layout-1 wp-block-column-is-layout-flow\" style=\"padding-top:0;padding-right:0;padding-bottom:0;padding-left:0\">\n<div class=\"wp-block-group is-layout-flow wp-container-core-group-layout-5 wp-block-group-is-layout-flow\">\n<h3 class=\"wp-block-heading has-text-align-left has-superbfont-medium-font-size\">Saisir l\u2019atmosph\u00e8re, les petits gestes, les lumi\u00e8res naturelles, la po\u00e9sie d\u2019un d\u00e9tail.<\/h3>\n\n\n\n<p class=\"has-superbfont-xsmall-font-size\">Qu\u2019il s\u2019agisse d\u2019un h\u00f4tel familial, d\u2019un restaurant chaleureux, mon approche est au plus pr\u00e8s du r\u00e9el. J\u2019aime mettre en valeur les petits d\u00e9tails.<\/p>\n<\/div>\n<\/div>\n\n\n\n<div class=\"wp-block-column is-vertically-aligned-center is-layout-flow wp-container-core-column-layout-2 wp-block-column-is-layout-flow\" style=\"padding-right:0;padding-bottom:0;padding-left:0\">\n<figure class=\"wp-block-image size-large has-custom-border\"><img loading=\"lazy\" decoding=\"async\" width=\"1024\" height=\"683\" src=\"http:\/\/mariehebbelynckphotographie.com\/wp-content\/uploads\/2025\/07\/IMG_6872-1024x683.jpeg\" alt=\"\" class=\"wp-image-973\" style=\"border-radius:8px\" srcset=\"https:\/\/mariehebbelynckphotographie.com\/wp-content\/uploads\/2025\/07\/IMG_6872-1024x683.jpeg 1024w, https:\/\/mariehebbelynckphotographie.com\/wp-content\/uploads\/2025\/07\/IMG_6872-300x200.jpeg 300w, https:\/\/mariehebbelynckphotographie.com\/wp-content\/uploads\/2025\/07\/IMG_6872-768x512.jpeg 768w, https:\/\/mariehebbelynckphotographie.com\/wp-content\/uploads\/2025\/07\/IMG_6872-1536x1024.jpeg 1536w, https:\/\/mariehebbelynckphotographie.com\/wp-content\/uploads\/2025\/07\/IMG_6872-2048x1365.jpeg 2048w\" sizes=\"(max-width: 1024px) 100vw, 1024px\" \/><\/figure>\n<\/div>\n<\/div>\n<\/div>\n\n\n\n<div class=\"wp-block-group alignfull has-mono-4-background-color has-background has-global-padding is-layout-constrained wp-container-core-group-layout-8 wp-block-group-is-layout-constrained\" style=\"margin-top:0;margin-bottom:0;padding-top:var(--wp--preset--spacing--superbspacing-xxlarge);padding-right:var(--wp--preset--spacing--superbspacing-small);padding-bottom:var(--wp--preset--spacing--superbspacing-xxlarge);padding-left:var(--wp--preset--spacing--superbspacing-small)\">\n<div class=\"wp-block-group alignwide is-vertical is-content-justification-center is-layout-flex wp-container-core-group-layout-7 wp-block-group-is-layout-flex\">\n<h3 class=\"wp-block-heading has-text-align-left has-primary-color has-text-color has-superbfont-small-font-size\">Reportages d\u2019ambiance<\/h3>\n\n\n\n<h2 class=\"wp-block-heading has-text-align-center has-contrast-color has-text-color has-superbfont-large-font-size\">Un \u0153il sur les d\u00e9tails<\/h2>\n\n\n\n<p class=\"has-text-align-center has-secondary-color has-text-color has-superbfont-small-font-size\">Des mati\u00e8res brutes, de la vaisselle ancienne, des objets simples et vivants : j\u2019aime capturer les petits riens qui racontent l\u2019\u00e2me d\u2019un lieu.<\/p>\n<\/div>\n\n\n\n<div class=\"wp-block-columns alignwide is-layout-flex wp-container-core-columns-layout-2 wp-block-columns-is-layout-flex\">\n<div class=\"wp-block-column is-vertically-aligned-center is-layout-flow wp-container-core-column-layout-3 wp-block-column-is-layout-flow\">\n<figure class=\"wp-block-image aligncenter size-large has-custom-border\"><img loading=\"lazy\" decoding=\"async\" width=\"1024\" height=\"683\" src=\"http:\/\/mariehebbelynckphotographie.com\/wp-content\/uploads\/2025\/07\/IMG_6867-1024x683.jpeg\" alt=\"\" class=\"wp-image-975\" style=\"border-radius:8px;object-fit:cover\" srcset=\"https:\/\/mariehebbelynckphotographie.com\/wp-content\/uploads\/2025\/07\/IMG_6867-1024x683.jpeg 1024w, https:\/\/mariehebbelynckphotographie.com\/wp-content\/uploads\/2025\/07\/IMG_6867-300x200.jpeg 300w, https:\/\/mariehebbelynckphotographie.com\/wp-content\/uploads\/2025\/07\/IMG_6867-768x512.jpeg 768w, https:\/\/mariehebbelynckphotographie.com\/wp-content\/uploads\/2025\/07\/IMG_6867-1536x1024.jpeg 1536w, https:\/\/mariehebbelynckphotographie.com\/wp-content\/uploads\/2025\/07\/IMG_6867-2048x1365.jpeg 2048w\" sizes=\"(max-width: 1024px) 100vw, 1024px\" \/><\/figure>\n\n\n\n<figure class=\"wp-block-image aligncenter size-large has-custom-border\"><img loading=\"lazy\" decoding=\"async\" width=\"1024\" height=\"683\" src=\"http:\/\/mariehebbelynckphotographie.com\/wp-content\/uploads\/2025\/07\/IMG_6869-1024x683.jpeg\" alt=\"\" class=\"wp-image-976\" style=\"border-radius:8px;object-fit:cover\" srcset=\"https:\/\/mariehebbelynckphotographie.com\/wp-content\/uploads\/2025\/07\/IMG_6869-1024x683.jpeg 1024w, https:\/\/mariehebbelynckphotographie.com\/wp-content\/uploads\/2025\/07\/IMG_6869-300x200.jpeg 300w, https:\/\/mariehebbelynckphotographie.com\/wp-content\/uploads\/2025\/07\/IMG_6869-768x512.jpeg 768w, https:\/\/mariehebbelynckphotographie.com\/wp-content\/uploads\/2025\/07\/IMG_6869-1536x1024.jpeg 1536w, https:\/\/mariehebbelynckphotographie.com\/wp-content\/uploads\/2025\/07\/IMG_6869-2048x1365.jpeg 2048w\" sizes=\"(max-width: 1024px) 100vw, 1024px\" \/><\/figure>\n<\/div>\n\n\n\n<div class=\"wp-block-column is-vertically-aligned-center is-layout-flow wp-container-core-column-layout-4 wp-block-column-is-layout-flow\">\n<figure class=\"wp-block-image aligncenter size-large has-custom-border\"><img loading=\"lazy\" decoding=\"async\" width=\"1024\" height=\"683\" src=\"http:\/\/mariehebbelynckphotographie.com\/wp-content\/uploads\/2025\/07\/IMG_2604-1024x683.jpeg\" alt=\"\" class=\"wp-image-949\" style=\"border-radius:8px;object-fit:cover\" srcset=\"https:\/\/mariehebbelynckphotographie.com\/wp-content\/uploads\/2025\/07\/IMG_2604-1024x683.jpeg 1024w, https:\/\/mariehebbelynckphotographie.com\/wp-content\/uploads\/2025\/07\/IMG_2604-300x200.jpeg 300w, https:\/\/mariehebbelynckphotographie.com\/wp-content\/uploads\/2025\/07\/IMG_2604-768x512.jpeg 768w, https:\/\/mariehebbelynckphotographie.com\/wp-content\/uploads\/2025\/07\/IMG_2604-1536x1024.jpeg 1536w, https:\/\/mariehebbelynckphotographie.com\/wp-content\/uploads\/2025\/07\/IMG_2604-2048x1365.jpeg 2048w\" sizes=\"(max-width: 1024px) 100vw, 1024px\" \/><\/figure>\n\n\n\n<figure class=\"wp-block-image aligncenter size-large has-custom-border\"><img loading=\"lazy\" decoding=\"async\" width=\"1024\" height=\"683\" src=\"http:\/\/mariehebbelynckphotographie.com\/wp-content\/uploads\/2024\/01\/IMG_9797-1024x683.jpeg\" alt=\"\" class=\"wp-image-232\" style=\"border-radius:8px;object-fit:cover\" srcset=\"https:\/\/mariehebbelynckphotographie.com\/wp-content\/uploads\/2024\/01\/IMG_9797-1024x683.jpeg 1024w, https:\/\/mariehebbelynckphotographie.com\/wp-content\/uploads\/2024\/01\/IMG_9797-300x200.jpeg 300w, https:\/\/mariehebbelynckphotographie.com\/wp-content\/uploads\/2024\/01\/IMG_9797-768x513.jpeg 768w, https:\/\/mariehebbelynckphotographie.com\/wp-content\/uploads\/2024\/01\/IMG_9797-1240x828.jpeg 1240w, https:\/\/mariehebbelynckphotographie.com\/wp-content\/uploads\/2024\/01\/IMG_9797-508x339.jpeg 508w, https:\/\/mariehebbelynckphotographie.com\/wp-content\/uploads\/2024\/01\/IMG_9797.jpeg 1266w\" sizes=\"(max-width: 1024px) 100vw, 1024px\" \/><\/figure>\n<\/div>\n<\/div>\n<\/div>\n\n\n\n<div class=\"wp-block-group alignfull has-global-padding is-layout-constrained wp-container-core-group-layout-10 wp-block-group-is-layout-constrained\" style=\"margin-top:0;margin-bottom:0;padding-top:var(--wp--preset--spacing--superbspacing-xxlarge);padding-right:var(--wp--preset--spacing--superbspacing-small);padding-bottom:var(--wp--preset--spacing--superbspacing-xxlarge);padding-left:var(--wp--preset--spacing--superbspacing-small)\">\n<div class=\"wp-block-columns alignwide is-layout-flex wp-container-core-columns-layout-3 wp-block-columns-is-layout-flex\">\n<div class=\"wp-block-column is-vertically-aligned-center is-layout-flow wp-container-core-column-layout-5 wp-block-column-is-layout-flow\" style=\"padding-right:0;padding-bottom:0;padding-left:0\">\n<figure class=\"wp-block-image size-large has-custom-border\"><img loading=\"lazy\" decoding=\"async\" width=\"683\" height=\"1024\" src=\"http:\/\/mariehebbelynckphotographie.com\/wp-content\/uploads\/2025\/07\/IMG_6874-683x1024.jpeg\" alt=\"\" class=\"wp-image-974\" style=\"border-radius:8px\" srcset=\"https:\/\/mariehebbelynckphotographie.com\/wp-content\/uploads\/2025\/07\/IMG_6874-683x1024.jpeg 683w, https:\/\/mariehebbelynckphotographie.com\/wp-content\/uploads\/2025\/07\/IMG_6874-200x300.jpeg 200w, https:\/\/mariehebbelynckphotographie.com\/wp-content\/uploads\/2025\/07\/IMG_6874-768x1152.jpeg 768w, https:\/\/mariehebbelynckphotographie.com\/wp-content\/uploads\/2025\/07\/IMG_6874-1024x1536.jpeg 1024w, https:\/\/mariehebbelynckphotographie.com\/wp-content\/uploads\/2025\/07\/IMG_6874-1365x2048.jpeg 1365w, https:\/\/mariehebbelynckphotographie.com\/wp-content\/uploads\/2025\/07\/IMG_6874-scaled.jpeg 1707w\" sizes=\"(max-width: 683px) 100vw, 683px\" \/><\/figure>\n<\/div>\n\n\n\n<div class=\"wp-block-column is-vertically-aligned-center is-layout-flow wp-container-core-column-layout-6 wp-block-column-is-layout-flow\" style=\"padding-top:0;padding-right:0;padding-bottom:0;padding-left:0\">\n<div class=\"wp-block-group is-layout-flow wp-container-core-group-layout-9 wp-block-group-is-layout-flow\">\n<h3 class=\"wp-block-heading has-text-align-left has-primary-color has-text-color has-superbfont-small-font-size\">H\u00f4tellerie &amp; Restauration \u2013 Le go\u00fbt du vrai<\/h3>\n\n\n\n<h3 class=\"wp-block-heading has-text-align-left has-superbfont-medium-font-size\">Pour qui ?<\/h3>\n\n\n\n<ul>\n<li>Restaurants, h\u00f4tels, maisons d\u2019h\u00f4tes<\/li>\n\n\n\n<li>Salles de r\u00e9ception, traiteurs<\/li>\n\n\n\n<li>D\u00e9corateurs, wedding planners<\/li>\n\n\n\n<li>Agences \u00e9v\u00e9nementielles<\/li>\n<\/ul>\n\n\n\n<h3 class=\"wp-block-heading has-text-align-left has-superbfont-medium-font-size\">Ce que je propose<\/h3>\n\n\n\n<ul>\n<li>Reportages complets de lieux ou d\u2019\u00e9v\u00e9nements<\/li>\n\n\n\n<li>Mise en valeur de votre savoir-faire et de votre identit\u00e9<\/li>\n\n\n\n<li>Photos en lumi\u00e8re naturelle, style documentaire, sans mise en sc\u00e8ne fig\u00e9e<\/li>\n<\/ul>\n<\/div>\n<\/div>\n<\/div>\n<\/div>\n\n\n\n<div class=\"wp-block-group alignfull has-base-background-color has-background has-global-padding is-layout-constrained wp-container-core-group-layout-13 wp-block-group-is-layout-constrained\" style=\"margin-top:0;margin-bottom:0;padding-top:var(--wp--preset--spacing--superbspacing-xxlarge);padding-right:var(--wp--preset--spacing--superbspacing-small);padding-bottom:var(--wp--preset--spacing--superbspacing-xxlarge);padding-left:var(--wp--preset--spacing--superbspacing-small)\">\n<div class=\"wp-block-cover alignwide\" style=\"border-radius:8px;padding-top:var(--wp--preset--spacing--superbspacing-xxlarge);padding-right:var(--wp--preset--spacing--superbspacing-medium);padding-bottom:var(--wp--preset--spacing--superbspacing-xxlarge);padding-left:var(--wp--preset--spacing--superbspacing-medium)\"><span aria-hidden=\"true\" class=\"wp-block-cover__background has-background-dim-20 has-background-dim\"><\/span><img loading=\"lazy\" decoding=\"async\" width=\"2560\" height=\"1707\" class=\"wp-block-cover__image-background wp-image-977\" alt=\"\" src=\"http:\/\/mariehebbelynckphotographie.com\/wp-content\/uploads\/2025\/07\/IMG_6865-scaled.jpeg\" data-object-fit=\"cover\" srcset=\"https:\/\/mariehebbelynckphotographie.com\/wp-content\/uploads\/2025\/07\/IMG_6865-scaled.jpeg 2560w, https:\/\/mariehebbelynckphotographie.com\/wp-content\/uploads\/2025\/07\/IMG_6865-300x200.jpeg 300w, https:\/\/mariehebbelynckphotographie.com\/wp-content\/uploads\/2025\/07\/IMG_6865-1024x683.jpeg 1024w, https:\/\/mariehebbelynckphotographie.com\/wp-content\/uploads\/2025\/07\/IMG_6865-768x512.jpeg 768w, https:\/\/mariehebbelynckphotographie.com\/wp-content\/uploads\/2025\/07\/IMG_6865-1536x1024.jpeg 1536w, https:\/\/mariehebbelynckphotographie.com\/wp-content\/uploads\/2025\/07\/IMG_6865-2048x1365.jpeg 2048w\" sizes=\"(max-width: 2560px) 100vw, 2560px\" \/><div class=\"wp-block-cover__inner-container has-global-padding is-layout-constrained wp-container-core-cover-layout-2 wp-block-cover-is-layout-constrained\">\n<h3 class=\"wp-block-heading has-text-align-center has-contrast-light-color has-text-color has-superbfont-large-font-size\">Envie d\u2019un reportage photo ?<\/h3>\n\n\n\n<div class=\"wp-block-group has-contrast-light-background-color has-background has-global-padding is-layout-constrained wp-container-core-group-layout-12 wp-block-group-is-layout-constrained\" style=\"border-radius:8px;padding-top:var(--wp--preset--spacing--superbspacing-xsmall);padding-right:var(--wp--preset--spacing--superbspacing-small);padding-bottom:var(--wp--preset--spacing--superbspacing-xsmall);padding-left:var(--wp--preset--spacing--superbspacing-small)\">\n<div class=\"wp-block-columns are-vertically-aligned-center is-layout-flex wp-container-core-columns-layout-5 wp-block-columns-is-layout-flex\">\n<div class=\"wp-block-column is-vertically-aligned-center is-layout-flow wp-block-column-is-layout-flow\">\n<div class=\"wp-block-group has-contrast-light-background-color has-background has-global-padding is-layout-constrained wp-container-core-group-layout-11 wp-block-group-is-layout-constrained\" style=\"border-radius:8px;padding-top:var(--wp--preset--spacing--superbspacing-xsmall);padding-right:var(--wp--preset--spacing--superbspacing-small);padding-bottom:var(--wp--preset--spacing--superbspacing-xsmall);padding-left:var(--wp--preset--spacing--superbspacing-small)\">\n<div class=\"wp-block-columns are-vertically-aligned-center is-layout-flex wp-container-core-columns-layout-4 wp-block-columns-is-layout-flex\">\n<div class=\"wp-block-column is-vertically-aligned-center is-layout-flow wp-block-column-is-layout-flow\">\n<p class=\"has-text-align-center has-superbfont-xsmall-font-size\">Chaque projet est unique.<\/p>\n\n\n\n<p class=\"has-text-align-center has-superbfont-xxsmall-font-size\">Vous pouvez consulter mes formules ou m\u2019\u00e9crire pour imaginer ensemble une proposition sur mesure.<\/p>\n\n\n\n<div class=\"wp-block-buttons is-content-justification-center is-layout-flex wp-container-core-buttons-layout-2 wp-block-buttons-is-layout-flex\">\n<div class=\"wp-block-button has-custom-width wp-block-button__width-50 has-custom-font-size has-superbfont-small-font-size\"><a class=\"wp-block-button__link wp-element-button\" href=\"https:\/\/mariehebbelynckphotographie.com\/index.php\/contact\/\" style=\"padding-top:var(--wp--preset--spacing--superbspacing-xsmall);padding-right:var(--wp--preset--spacing--superbspacing-xsmall);padding-bottom:var(--wp--preset--spacing--superbspacing-xsmall);padding-left:var(--wp--preset--spacing--superbspacing-xsmall)\">Contactez-moi<\/a><\/div>\n\n\n\n<div class=\"wp-block-button has-custom-width wp-block-button__width-50 has-custom-font-size has-superbfont-small-font-size\"><a class=\"wp-block-button__link wp-element-button\" href=\"https:\/\/mariehebbelynckphotographie.com\/index.php\/tarifs\/\" style=\"padding-top:var(--wp--preset--spacing--superbspacing-xsmall);padding-right:var(--wp--preset--spacing--superbspacing-xsmall);padding-bottom:var(--wp--preset--spacing--superbspacing-xsmall);padding-left:var(--wp--preset--spacing--superbspacing-xsmall)\">Voir les offres<\/a><\/div>\n<\/div>\n<\/div>\n<\/div>\n<\/div>\n\n\n\n<div class=\"wp-block-buttons is-content-justification-center is-layout-flex wp-container-core-buttons-layout-3 wp-block-buttons-is-layout-flex\"><\/div>\n<\/div>\n<\/div>\n<\/div>\n<\/div><\/div>\n\n\n\n<div class=\"wp-block-columns alignwide is-layout-flex wp-container-core-columns-layout-6 wp-block-columns-is-layout-flex\">\n<div class=\"wp-block-column is-vertically-aligned-center is-layout-flow wp-container-core-column-layout-9 wp-block-column-is-layout-flow\"><\/div>\n<\/div>\n<\/div>\n","protected":false},"excerpt":{"rendered":"<p>Saisir l\u2019atmosph\u00e8re, les petits gestes, les lumi\u00e8res naturelles, la po\u00e9sie d\u2019un d\u00e9tail. Qu\u2019il s\u2019agisse d\u2019un h\u00f4tel familial, d\u2019un restaurant chaleureux, mon approche est au plus pr\u00e8s du r\u00e9el. J\u2019aime mettre en valeur les petits d\u00e9tails. Reportages d\u2019ambiance Un \u0153il sur les d\u00e9tails Des mati\u00e8res brutes, de la vaisselle ancienne, des objets simples et vivants : [&hellip;]<\/p>\n","protected":false},"author":1,"featured_media":0,"parent":0,"menu_order":0,"comment_status":"closed","ping_status":"closed","template":"","meta":{"om_disable_all_campaigns":false,"_monsterinsights_skip_tracking":false,"_monsterinsights_sitenote_active":false,"_monsterinsights_sitenote_note":"","_monsterinsights_sitenote_category":0,"footnotes":""},"aioseo_notices":[],"_links":{"self":[{"href":"https:\/\/mariehebbelynckphotographie.com\/index.php\/wp-json\/wp\/v2\/pages\/718"}],"collection":[{"href":"https:\/\/mariehebbelynckphotographie.com\/index.php\/wp-json\/wp\/v2\/pages"}],"about":[{"href":"https:\/\/mariehebbelynckphotographie.com\/index.php\/wp-json\/wp\/v2\/types\/page"}],"author":[{"embeddable":true,"href":"https:\/\/mariehebbelynckphotographie.com\/index.php\/wp-json\/wp\/v2\/users\/1"}],"replies":[{"embeddable":true,"href":"https:\/\/mariehebbelynckphotographie.com\/index.php\/wp-json\/wp\/v2\/comments?post=718"}],"version-history":[{"count":8,"href":"https:\/\/mariehebbelynckphotographie.com\/index.php\/wp-json\/wp\/v2\/pages\/718\/revisions"}],"predecessor-version":[{"id":1143,"href":"https:\/\/mariehebbelynckphotographie.com\/index.php\/wp-json\/wp\/v2\/pages\/718\/revisions\/1143"}],"wp:attachment":[{"href":"https:\/\/mariehebbelynckphotographie.com\/index.php\/wp-json\/wp\/v2\/media?parent=718"}],"curies":[{"name":"wp","href":"https:\/\/api.w.org\/{rel}","templated":true}]}}