{"id":634,"date":"2024-02-03T17:37:45","date_gmt":"2024-02-03T16:37:45","guid":{"rendered":"https:\/\/mariehebbelynckphotographie.com\/?page_id=634"},"modified":"2025-08-05T17:03:13","modified_gmt":"2025-08-05T15:03:13","slug":"reportage-commercant","status":"publish","type":"page","link":"https:\/\/mariehebbelynckphotographie.com\/index.php\/reportage-commercant\/","title":{"rendered":"Reportage commer\u00e7ant"},"content":{"rendered":"\n<div class=\"wp-block-group alignfull superbthemes-navigation-004 is-layout-flow wp-block-group-is-layout-flow\" style=\"margin-top:0;margin-bottom:0;padding-top:0;padding-bottom:0\"><\/div>\n\n\n\n<div class=\"wp-block-group alignfull superbthemes-navigation-004 is-layout-flow wp-block-group-is-layout-flow\" style=\"margin-top:0;margin-bottom:0\">\n<div class=\"wp-block-cover\" style=\"margin-top:0;margin-bottom:0;padding-top:0;padding-right:0;padding-bottom:var(--wp--preset--spacing--superbspacing-xxlarge);padding-left:0;min-height:100px\"><span aria-hidden=\"true\" class=\"wp-block-cover__background has-background-dim-20 has-background-dim\"><\/span><img loading=\"lazy\" decoding=\"async\" width=\"2560\" height=\"1707\" class=\"wp-block-cover__image-background wp-image-637\" alt=\"\" src=\"http:\/\/mariehebbelynckphotographie.com\/wp-content\/uploads\/2024\/01\/IMG_0005-scaled.jpeg\" data-object-fit=\"cover\" srcset=\"https:\/\/mariehebbelynckphotographie.com\/wp-content\/uploads\/2024\/01\/IMG_0005-scaled.jpeg 2560w, https:\/\/mariehebbelynckphotographie.com\/wp-content\/uploads\/2024\/01\/IMG_0005-300x200.jpeg 300w, https:\/\/mariehebbelynckphotographie.com\/wp-content\/uploads\/2024\/01\/IMG_0005-1024x683.jpeg 1024w, https:\/\/mariehebbelynckphotographie.com\/wp-content\/uploads\/2024\/01\/IMG_0005-768x512.jpeg 768w, https:\/\/mariehebbelynckphotographie.com\/wp-content\/uploads\/2024\/01\/IMG_0005-1536x1024.jpeg 1536w, https:\/\/mariehebbelynckphotographie.com\/wp-content\/uploads\/2024\/01\/IMG_0005-2048x1365.jpeg 2048w\" sizes=\"(max-width: 2560px) 100vw, 2560px\" \/><div class=\"wp-block-cover__inner-container is-layout-flow wp-container-core-cover-layout-1 wp-block-cover-is-layout-flow\">\n<div class=\"wp-block-group has-contrast-light-color has-text-color is-layout-flow wp-block-group-is-layout-flow\"><\/div>\n\n\n\n<div class=\"wp-block-group alignwide has-global-padding is-layout-constrained wp-container-core-group-layout-4 wp-block-group-is-layout-constrained\" style=\"padding-right:var(--wp--preset--spacing--superbspacing-small);padding-left:var(--wp--preset--spacing--superbspacing-small)\">\n<div class=\"wp-block-group alignwide has-global-padding is-layout-constrained wp-block-group-is-layout-constrained\">\n<h1 class=\"wp-block-heading alignwide has-text-align-left has-contrast-light-color has-text-color has-superbfont-xxlarge-font-size\" style=\"font-style:normal;font-weight:700\">Renforcez le caract\u00e8re unique de votre boutique<\/h1>\n\n\n\n<p class=\"has-text-align-left has-contrast-light-color has-text-color has-superbfont-small-font-size\">Avec un reportage photo de qualit\u00e9 pour votre commerce, offrez-vous un moyen puissant de communiquer votre identit\u00e9, de pr\u00e9senter vos produits et d\u2019avoir une visibilit\u00e9 sur vos actions. <\/p>\n<\/div>\n\n\n\n<div class=\"wp-block-buttons is-layout-flex wp-container-core-buttons-layout-1 wp-block-buttons-is-layout-flex\">\n<div class=\"wp-block-button has-custom-font-size has-superbfont-small-font-size\"><a class=\"wp-block-button__link wp-element-button\" style=\"padding-top:var(--wp--preset--spacing--superbspacing-xsmall);padding-right:var(--wp--preset--spacing--superbspacing-xsmall);padding-bottom:var(--wp--preset--spacing--superbspacing-xsmall);padding-left:var(--wp--preset--spacing--superbspacing-xsmall)\">Contactez-moi \u2192<\/a><\/div>\n<\/div>\n<\/div>\n<\/div><\/div>\n<\/div>\n\n\n\n<div class=\"wp-block-group alignfull has-mono-4-background-color has-background has-global-padding is-layout-constrained wp-container-core-group-layout-6 wp-block-group-is-layout-constrained\" style=\"margin-top:0;margin-bottom:0;padding-top:var(--wp--preset--spacing--superbspacing-xxlarge);padding-right:var(--wp--preset--spacing--superbspacing-small);padding-bottom:var(--wp--preset--spacing--superbspacing-xxlarge);padding-left:var(--wp--preset--spacing--superbspacing-small)\">\n<div class=\"wp-block-columns alignwide is-layout-flex wp-container-core-columns-layout-1 wp-block-columns-is-layout-flex\">\n<div class=\"wp-block-column is-vertically-aligned-top is-layout-flow wp-container-core-column-layout-1 wp-block-column-is-layout-flow\" style=\"padding-right:0;padding-bottom:0;padding-left:0\">\n<h3 class=\"wp-block-heading has-text-align-left has-primary-color has-text-color has-superbfont-small-font-size\">Advantages<\/h3>\n\n\n\n<h3 class=\"wp-block-heading has-text-align-left has-superbfont-xlarge-font-size\">Reportage commer\u00e7ant<\/h3>\n<\/div>\n\n\n\n<div class=\"wp-block-column is-vertically-aligned-center is-layout-flow wp-container-core-column-layout-2 wp-block-column-is-layout-flow\" style=\"padding-top:0;padding-right:0;padding-bottom:0;padding-left:0\">\n<p class=\"has-text-align-left has-secondary-color has-text-color has-superbfont-small-font-size\">Renforcez la visibilit\u00e9 de votre entreprise en ligne, en cr\u00e9ant une connexion \u00e9motionnelle avec vos clients, et en pr\u00e9sentant de mani\u00e8re authentique vos produits ou services. Des images de qualit\u00e9 peuvent \u00e9galement stimuler l&#8217;engagement sur les r\u00e9seaux sociaux et aider \u00e0 diff\u00e9rencier votre commerce de vos concurrents.<\/p>\n<\/div>\n<\/div>\n\n\n\n<figure class=\"wp-block-image alignwide size-large has-custom-border\"><img loading=\"lazy\" decoding=\"async\" width=\"1024\" height=\"683\" src=\"http:\/\/mariehebbelynckphotographie.com\/wp-content\/uploads\/2024\/01\/IMG_0011-1024x683.jpeg\" alt=\"\" class=\"wp-image-641\" style=\"border-radius:8px\" srcset=\"https:\/\/mariehebbelynckphotographie.com\/wp-content\/uploads\/2024\/01\/IMG_0011-1024x683.jpeg 1024w, https:\/\/mariehebbelynckphotographie.com\/wp-content\/uploads\/2024\/01\/IMG_0011-300x200.jpeg 300w, https:\/\/mariehebbelynckphotographie.com\/wp-content\/uploads\/2024\/01\/IMG_0011-768x512.jpeg 768w, https:\/\/mariehebbelynckphotographie.com\/wp-content\/uploads\/2024\/01\/IMG_0011-1536x1024.jpeg 1536w, https:\/\/mariehebbelynckphotographie.com\/wp-content\/uploads\/2024\/01\/IMG_0011-2048x1365.jpeg 2048w\" sizes=\"(max-width: 1024px) 100vw, 1024px\" \/><\/figure>\n<\/div>\n\n\n\n<div class=\"wp-block-group alignfull has-global-padding is-layout-constrained wp-container-core-group-layout-8 wp-block-group-is-layout-constrained\" style=\"margin-top:0;margin-bottom:0;padding-top:var(--wp--preset--spacing--superbspacing-xxlarge);padding-right:var(--wp--preset--spacing--superbspacing-small);padding-bottom:var(--wp--preset--spacing--superbspacing-xxlarge);padding-left:var(--wp--preset--spacing--superbspacing-small)\">\n<div class=\"wp-block-columns alignwide is-layout-flex wp-container-core-columns-layout-2 wp-block-columns-is-layout-flex\">\n<div class=\"wp-block-column is-vertically-aligned-center is-layout-flow wp-container-core-column-layout-3 wp-block-column-is-layout-flow\" style=\"padding-right:0;padding-bottom:0;padding-left:0\">\n<figure class=\"wp-block-image size-large has-custom-border\"><img loading=\"lazy\" decoding=\"async\" width=\"683\" height=\"1024\" src=\"http:\/\/mariehebbelynckphotographie.com\/wp-content\/uploads\/2024\/01\/IMG_0010-683x1024.jpeg\" alt=\"\" class=\"wp-image-640\" style=\"border-radius:8px\" srcset=\"https:\/\/mariehebbelynckphotographie.com\/wp-content\/uploads\/2024\/01\/IMG_0010-683x1024.jpeg 683w, https:\/\/mariehebbelynckphotographie.com\/wp-content\/uploads\/2024\/01\/IMG_0010-200x300.jpeg 200w, https:\/\/mariehebbelynckphotographie.com\/wp-content\/uploads\/2024\/01\/IMG_0010-768x1152.jpeg 768w, https:\/\/mariehebbelynckphotographie.com\/wp-content\/uploads\/2024\/01\/IMG_0010-1024x1536.jpeg 1024w, https:\/\/mariehebbelynckphotographie.com\/wp-content\/uploads\/2024\/01\/IMG_0010-1365x2048.jpeg 1365w, https:\/\/mariehebbelynckphotographie.com\/wp-content\/uploads\/2024\/01\/IMG_0010-scaled.jpeg 1707w\" sizes=\"(max-width: 683px) 100vw, 683px\" \/><\/figure>\n<\/div>\n\n\n\n<div class=\"wp-block-column is-vertically-aligned-center is-layout-flow wp-container-core-column-layout-4 wp-block-column-is-layout-flow\" style=\"padding-top:0;padding-right:0;padding-bottom:0;padding-left:0\">\n<div class=\"wp-block-group is-layout-flow wp-container-core-group-layout-7 wp-block-group-is-layout-flow\">\n<h3 class=\"wp-block-heading has-text-align-left has-primary-color has-text-color has-superbfont-small-font-size\">Visibilit\u00e9 accrue en ligne<\/h3>\n\n\n\n<p>Des images de qualit\u00e9 attirent l&#8217;attention sur les plateformes en ligne, augmentant ainsi la visibilit\u00e9 de l&#8217;entreprise.<\/p>\n\n\n\n<p>L&#8217;int\u00e9gration de photographies professionnelles conf\u00e8re \u00e0 votre site internet un aspect plus soign\u00e9 et professionnel. Ces images de qualit\u00e9 renforcent l&#8217;esth\u00e9tique globale du site, inspirant confiance aux visiteurs et cr\u00e9ant une premi\u00e8re impression positive. Elles contribuent \u00e0 v\u00e9hiculer une image plus s\u00e9rieuse et engageante, ce qui peut influencer favorablement la perception des utilisateurs envers votre entreprise.<\/p>\n\n\n\n<h3 class=\"wp-block-heading has-text-align-left has-primary-color has-text-color has-superbfont-small-font-size\">Engagement sur les r\u00e9seaux<\/h3>\n\n\n\n<p>Les publications avec des photos attractives g\u00e9n\u00e8rent plus d&#8217;engagement, augmentant la port\u00e9e organique. Les reportages photo peuvent \u00eatre partag\u00e9s sur diff\u00e9rents canaux, amplifiant ainsi leur impact.<\/p>\n<\/div>\n<\/div>\n<\/div>\n<\/div>\n\n\n\n<div class=\"wp-block-group alignfull has-mono-4-background-color has-background has-global-padding is-layout-constrained wp-container-core-group-layout-9 wp-block-group-is-layout-constrained\" style=\"margin-top:0;margin-bottom:0;padding-top:var(--wp--preset--spacing--superbspacing-xxlarge);padding-right:var(--wp--preset--spacing--superbspacing-small);padding-bottom:var(--wp--preset--spacing--superbspacing-xxlarge);padding-left:var(--wp--preset--spacing--superbspacing-small)\">\n<figure class=\"wp-block-image alignwide size-large has-custom-border\"><img loading=\"lazy\" decoding=\"async\" width=\"1024\" height=\"683\" src=\"http:\/\/mariehebbelynckphotographie.com\/wp-content\/uploads\/2024\/01\/IMG_0024-1024x683.jpeg\" alt=\"\" class=\"wp-image-648\" style=\"border-radius:8px\" srcset=\"https:\/\/mariehebbelynckphotographie.com\/wp-content\/uploads\/2024\/01\/IMG_0024-1024x683.jpeg 1024w, https:\/\/mariehebbelynckphotographie.com\/wp-content\/uploads\/2024\/01\/IMG_0024-300x200.jpeg 300w, https:\/\/mariehebbelynckphotographie.com\/wp-content\/uploads\/2024\/01\/IMG_0024-768x512.jpeg 768w, https:\/\/mariehebbelynckphotographie.com\/wp-content\/uploads\/2024\/01\/IMG_0024-1536x1024.jpeg 1536w, https:\/\/mariehebbelynckphotographie.com\/wp-content\/uploads\/2024\/01\/IMG_0024-2048x1365.jpeg 2048w\" sizes=\"(max-width: 1024px) 100vw, 1024px\" \/><\/figure>\n<\/div>\n\n\n\n<div class=\"wp-block-group alignfull has-global-padding is-layout-constrained wp-container-core-group-layout-11 wp-block-group-is-layout-constrained\" style=\"margin-top:0;margin-bottom:0;padding-top:var(--wp--preset--spacing--superbspacing-xxlarge);padding-right:var(--wp--preset--spacing--superbspacing-small);padding-bottom:var(--wp--preset--spacing--superbspacing-xxlarge);padding-left:var(--wp--preset--spacing--superbspacing-small)\">\n<div class=\"wp-block-columns alignwide is-layout-flex wp-container-core-columns-layout-3 wp-block-columns-is-layout-flex\">\n<div class=\"wp-block-column is-vertically-aligned-center is-layout-flow wp-container-core-column-layout-5 wp-block-column-is-layout-flow\" style=\"padding-right:0;padding-bottom:0;padding-left:0\">\n<figure class=\"wp-block-image size-large has-custom-border\"><img loading=\"lazy\" decoding=\"async\" width=\"1024\" height=\"683\" src=\"http:\/\/mariehebbelynckphotographie.com\/wp-content\/uploads\/2024\/01\/IMG_0037-1024x683.jpeg\" alt=\"\" class=\"wp-image-659\" style=\"border-radius:8px\" srcset=\"https:\/\/mariehebbelynckphotographie.com\/wp-content\/uploads\/2024\/01\/IMG_0037-1024x683.jpeg 1024w, https:\/\/mariehebbelynckphotographie.com\/wp-content\/uploads\/2024\/01\/IMG_0037-300x200.jpeg 300w, https:\/\/mariehebbelynckphotographie.com\/wp-content\/uploads\/2024\/01\/IMG_0037-768x512.jpeg 768w, https:\/\/mariehebbelynckphotographie.com\/wp-content\/uploads\/2024\/01\/IMG_0037-1536x1024.jpeg 1536w, https:\/\/mariehebbelynckphotographie.com\/wp-content\/uploads\/2024\/01\/IMG_0037-2048x1365.jpeg 2048w\" sizes=\"(max-width: 1024px) 100vw, 1024px\" \/><\/figure>\n<\/div>\n\n\n\n<div class=\"wp-block-column is-vertically-aligned-center is-layout-flow wp-container-core-column-layout-6 wp-block-column-is-layout-flow\" style=\"padding-top:0;padding-right:0;padding-bottom:0;padding-left:0\">\n<div class=\"wp-block-group is-layout-flow wp-container-core-group-layout-10 wp-block-group-is-layout-flow\">\n<h3 class=\"wp-block-heading has-text-align-left has-primary-color has-text-color has-superbfont-small-font-size\">Mise en valeur des produits\/services<\/h3>\n\n\n\n<p>Des photos bien r\u00e9alis\u00e9es mettent en avant les caract\u00e9ristiques des produits ou services, incitant les clients \u00e0 s&#8217;y int\u00e9resser.<\/p>\n<\/div>\n<\/div>\n<\/div>\n<\/div>\n\n\n\n<div class=\"wp-block-group alignfull has-mono-4-background-color has-background has-global-padding is-layout-constrained wp-container-core-group-layout-12 wp-block-group-is-layout-constrained\" style=\"margin-top:0;margin-bottom:0;padding-top:var(--wp--preset--spacing--superbspacing-xxlarge);padding-right:var(--wp--preset--spacing--superbspacing-small);padding-bottom:var(--wp--preset--spacing--superbspacing-xxlarge);padding-left:var(--wp--preset--spacing--superbspacing-small)\">\n<figure class=\"wp-block-image alignwide size-large has-custom-border\"><img loading=\"lazy\" decoding=\"async\" width=\"1024\" height=\"683\" src=\"http:\/\/mariehebbelynckphotographie.com\/wp-content\/uploads\/2024\/01\/IMG_0042-1024x683.jpeg\" alt=\"\" class=\"wp-image-658\" style=\"border-radius:8px\" srcset=\"https:\/\/mariehebbelynckphotographie.com\/wp-content\/uploads\/2024\/01\/IMG_0042-1024x683.jpeg 1024w, https:\/\/mariehebbelynckphotographie.com\/wp-content\/uploads\/2024\/01\/IMG_0042-300x200.jpeg 300w, https:\/\/mariehebbelynckphotographie.com\/wp-content\/uploads\/2024\/01\/IMG_0042-768x512.jpeg 768w, https:\/\/mariehebbelynckphotographie.com\/wp-content\/uploads\/2024\/01\/IMG_0042-1536x1024.jpeg 1536w, https:\/\/mariehebbelynckphotographie.com\/wp-content\/uploads\/2024\/01\/IMG_0042-2048x1365.jpeg 2048w\" sizes=\"(max-width: 1024px) 100vw, 1024px\" \/><\/figure>\n\n\n\n<figure class=\"wp-block-image alignwide size-large has-custom-border\"><img loading=\"lazy\" decoding=\"async\" width=\"1024\" height=\"683\" src=\"http:\/\/mariehebbelynckphotographie.com\/wp-content\/uploads\/2025\/07\/IMG_0215-1024x683.jpeg\" alt=\"\" class=\"wp-image-963\" style=\"border-radius:8px\" srcset=\"https:\/\/mariehebbelynckphotographie.com\/wp-content\/uploads\/2025\/07\/IMG_0215-1024x683.jpeg 1024w, https:\/\/mariehebbelynckphotographie.com\/wp-content\/uploads\/2025\/07\/IMG_0215-300x200.jpeg 300w, https:\/\/mariehebbelynckphotographie.com\/wp-content\/uploads\/2025\/07\/IMG_0215-768x512.jpeg 768w, https:\/\/mariehebbelynckphotographie.com\/wp-content\/uploads\/2025\/07\/IMG_0215-1536x1024.jpeg 1536w, https:\/\/mariehebbelynckphotographie.com\/wp-content\/uploads\/2025\/07\/IMG_0215-2048x1365.jpeg 2048w\" sizes=\"(max-width: 1024px) 100vw, 1024px\" \/><\/figure>\n<\/div>\n\n\n\n<div class=\"wp-block-group alignfull has-mono-4-background-color has-background has-global-padding is-layout-constrained wp-container-core-group-layout-14 wp-block-group-is-layout-constrained\" style=\"margin-top:0;margin-bottom:0;padding-top:var(--wp--preset--spacing--superbspacing-xxlarge);padding-right:var(--wp--preset--spacing--superbspacing-small);padding-bottom:var(--wp--preset--spacing--superbspacing-xxlarge);padding-left:var(--wp--preset--spacing--superbspacing-small)\">\n<div class=\"wp-block-group alignwide is-vertical is-content-justification-center is-layout-flex wp-container-core-group-layout-13 wp-block-group-is-layout-flex\">\n<h2 class=\"wp-block-heading has-text-align-center has-contrast-color has-text-color has-superbfont-xlarge-font-size\">Authenticit\u00e9<\/h2>\n\n\n\n<p class=\"has-text-align-left has-secondary-color has-text-color has-superbfont-small-font-size\">Le reportage photo offre une repr\u00e9sentation authentique de votre commerce, renfor\u00e7ant la confiance des consommateurs. Les photos capturent l&#8217;ambiance du magasin, du personnel et des clients.&nbsp;<\/p>\n<\/div>\n\n\n\n<div class=\"wp-block-columns alignwide is-layout-flex wp-container-core-columns-layout-4 wp-block-columns-is-layout-flex\">\n<div class=\"wp-block-column is-vertically-aligned-center is-layout-flow wp-container-core-column-layout-7 wp-block-column-is-layout-flow\">\n<figure class=\"wp-block-image aligncenter size-large has-custom-border\"><img loading=\"lazy\" decoding=\"async\" width=\"1024\" height=\"683\" src=\"http:\/\/mariehebbelynckphotographie.com\/wp-content\/uploads\/2024\/01\/IMG_0056-1024x683.jpeg\" alt=\"\" class=\"wp-image-673\" style=\"border-radius:8px;object-fit:cover\" srcset=\"https:\/\/mariehebbelynckphotographie.com\/wp-content\/uploads\/2024\/01\/IMG_0056-1024x683.jpeg 1024w, https:\/\/mariehebbelynckphotographie.com\/wp-content\/uploads\/2024\/01\/IMG_0056-300x200.jpeg 300w, https:\/\/mariehebbelynckphotographie.com\/wp-content\/uploads\/2024\/01\/IMG_0056-768x512.jpeg 768w, https:\/\/mariehebbelynckphotographie.com\/wp-content\/uploads\/2024\/01\/IMG_0056-1536x1024.jpeg 1536w, https:\/\/mariehebbelynckphotographie.com\/wp-content\/uploads\/2024\/01\/IMG_0056-2048x1365.jpeg 2048w\" sizes=\"(max-width: 1024px) 100vw, 1024px\" \/><\/figure>\n\n\n\n<figure class=\"wp-block-image aligncenter size-large has-custom-border\"><img loading=\"lazy\" decoding=\"async\" width=\"1024\" height=\"683\" src=\"http:\/\/mariehebbelynckphotographie.com\/wp-content\/uploads\/2024\/01\/IMG_0055-1024x683.jpeg\" alt=\"\" class=\"wp-image-674\" style=\"border-radius:8px;object-fit:cover\" srcset=\"https:\/\/mariehebbelynckphotographie.com\/wp-content\/uploads\/2024\/01\/IMG_0055-1024x683.jpeg 1024w, https:\/\/mariehebbelynckphotographie.com\/wp-content\/uploads\/2024\/01\/IMG_0055-300x200.jpeg 300w, https:\/\/mariehebbelynckphotographie.com\/wp-content\/uploads\/2024\/01\/IMG_0055-768x512.jpeg 768w, https:\/\/mariehebbelynckphotographie.com\/wp-content\/uploads\/2024\/01\/IMG_0055-1536x1024.jpeg 1536w, https:\/\/mariehebbelynckphotographie.com\/wp-content\/uploads\/2024\/01\/IMG_0055-2048x1365.jpeg 2048w\" sizes=\"(max-width: 1024px) 100vw, 1024px\" \/><\/figure>\n<\/div>\n\n\n\n<div class=\"wp-block-column is-vertically-aligned-center is-layout-flow wp-container-core-column-layout-8 wp-block-column-is-layout-flow\">\n<figure class=\"wp-block-image aligncenter size-large has-custom-border\"><img loading=\"lazy\" decoding=\"async\" width=\"1024\" height=\"683\" src=\"http:\/\/mariehebbelynckphotographie.com\/wp-content\/uploads\/2025\/07\/IMG_0194-1024x683.jpeg\" alt=\"\" class=\"wp-image-960\" style=\"border-radius:8px;object-fit:cover\" srcset=\"https:\/\/mariehebbelynckphotographie.com\/wp-content\/uploads\/2025\/07\/IMG_0194-1024x683.jpeg 1024w, https:\/\/mariehebbelynckphotographie.com\/wp-content\/uploads\/2025\/07\/IMG_0194-300x200.jpeg 300w, https:\/\/mariehebbelynckphotographie.com\/wp-content\/uploads\/2025\/07\/IMG_0194-768x512.jpeg 768w, https:\/\/mariehebbelynckphotographie.com\/wp-content\/uploads\/2025\/07\/IMG_0194-1536x1024.jpeg 1536w, https:\/\/mariehebbelynckphotographie.com\/wp-content\/uploads\/2025\/07\/IMG_0194-2048x1366.jpeg 2048w\" sizes=\"(max-width: 1024px) 100vw, 1024px\" \/><\/figure>\n\n\n\n<figure class=\"wp-block-image aligncenter size-large has-custom-border\"><img loading=\"lazy\" decoding=\"async\" width=\"1024\" height=\"683\" src=\"http:\/\/mariehebbelynckphotographie.com\/wp-content\/uploads\/2025\/07\/IMG_0202-1024x683.jpeg\" alt=\"\" class=\"wp-image-961\" style=\"border-radius:8px;object-fit:cover\" srcset=\"https:\/\/mariehebbelynckphotographie.com\/wp-content\/uploads\/2025\/07\/IMG_0202-1024x683.jpeg 1024w, https:\/\/mariehebbelynckphotographie.com\/wp-content\/uploads\/2025\/07\/IMG_0202-300x200.jpeg 300w, https:\/\/mariehebbelynckphotographie.com\/wp-content\/uploads\/2025\/07\/IMG_0202-768x512.jpeg 768w, https:\/\/mariehebbelynckphotographie.com\/wp-content\/uploads\/2025\/07\/IMG_0202-1536x1024.jpeg 1536w, https:\/\/mariehebbelynckphotographie.com\/wp-content\/uploads\/2025\/07\/IMG_0202-2048x1365.jpeg 2048w\" sizes=\"(max-width: 1024px) 100vw, 1024px\" \/><\/figure>\n<\/div>\n<\/div>\n<\/div>\n\n\n\n<div class=\"wp-block-cover alignwide is-light\" style=\"border-radius:8px;padding-top:var(--wp--preset--spacing--superbspacing-xxlarge);padding-right:var(--wp--preset--spacing--superbspacing-medium);padding-bottom:var(--wp--preset--spacing--superbspacing-xxlarge);padding-left:var(--wp--preset--spacing--superbspacing-medium)\"><span aria-hidden=\"true\" class=\"wp-block-cover__background has-background-dim-20 has-background-dim\"><\/span><img loading=\"lazy\" decoding=\"async\" width=\"2560\" height=\"1707\" class=\"wp-block-cover__image-background wp-image-963\" alt=\"\" src=\"http:\/\/mariehebbelynckphotographie.com\/wp-content\/uploads\/2025\/07\/IMG_0215-scaled.jpeg\" data-object-fit=\"cover\" srcset=\"https:\/\/mariehebbelynckphotographie.com\/wp-content\/uploads\/2025\/07\/IMG_0215-scaled.jpeg 2560w, https:\/\/mariehebbelynckphotographie.com\/wp-content\/uploads\/2025\/07\/IMG_0215-300x200.jpeg 300w, https:\/\/mariehebbelynckphotographie.com\/wp-content\/uploads\/2025\/07\/IMG_0215-1024x683.jpeg 1024w, https:\/\/mariehebbelynckphotographie.com\/wp-content\/uploads\/2025\/07\/IMG_0215-768x512.jpeg 768w, https:\/\/mariehebbelynckphotographie.com\/wp-content\/uploads\/2025\/07\/IMG_0215-1536x1024.jpeg 1536w, https:\/\/mariehebbelynckphotographie.com\/wp-content\/uploads\/2025\/07\/IMG_0215-2048x1365.jpeg 2048w\" sizes=\"(max-width: 2560px) 100vw, 2560px\" \/><div class=\"wp-block-cover__inner-container has-global-padding is-layout-constrained wp-container-core-cover-layout-2 wp-block-cover-is-layout-constrained\">\n<h3 class=\"wp-block-heading has-text-align-center has-contrast-light-color has-text-color has-superbfont-large-font-size\">Envie d\u2019un reportage photo ?<\/h3>\n\n\n\n<div class=\"wp-block-group has-contrast-light-background-color has-background has-global-padding is-layout-constrained wp-container-core-group-layout-16 wp-block-group-is-layout-constrained\" style=\"border-radius:8px;padding-top:var(--wp--preset--spacing--superbspacing-xsmall);padding-right:var(--wp--preset--spacing--superbspacing-small);padding-bottom:var(--wp--preset--spacing--superbspacing-xsmall);padding-left:var(--wp--preset--spacing--superbspacing-small)\">\n<div class=\"wp-block-columns are-vertically-aligned-center is-layout-flex wp-container-core-columns-layout-6 wp-block-columns-is-layout-flex\">\n<div class=\"wp-block-column is-vertically-aligned-center is-layout-flow wp-block-column-is-layout-flow\">\n<div class=\"wp-block-group has-contrast-light-background-color has-background has-global-padding is-layout-constrained wp-container-core-group-layout-15 wp-block-group-is-layout-constrained\" style=\"border-radius:8px;padding-top:var(--wp--preset--spacing--superbspacing-xsmall);padding-right:var(--wp--preset--spacing--superbspacing-small);padding-bottom:var(--wp--preset--spacing--superbspacing-xsmall);padding-left:var(--wp--preset--spacing--superbspacing-small)\">\n<div class=\"wp-block-columns are-vertically-aligned-center is-layout-flex wp-container-core-columns-layout-5 wp-block-columns-is-layout-flex\">\n<div class=\"wp-block-column is-vertically-aligned-center is-layout-flow wp-block-column-is-layout-flow\">\n<p class=\"has-text-align-center has-superbfont-xsmall-font-size\">Chaque projet est unique.<\/p>\n\n\n\n<p class=\"has-text-align-center has-superbfont-xxsmall-font-size\">Vous pouvez consulter mes formules ou m\u2019\u00e9crire pour imaginer ensemble une proposition sur mesure.<\/p>\n\n\n\n<div class=\"wp-block-buttons is-content-justification-center is-layout-flex wp-container-core-buttons-layout-2 wp-block-buttons-is-layout-flex\">\n<div class=\"wp-block-button has-custom-width wp-block-button__width-50 has-custom-font-size has-superbfont-small-font-size\"><a class=\"wp-block-button__link wp-element-button\" href=\"https:\/\/mariehebbelynckphotographie.com\/index.php\/contact\/\" style=\"padding-top:var(--wp--preset--spacing--superbspacing-xsmall);padding-right:var(--wp--preset--spacing--superbspacing-xsmall);padding-bottom:var(--wp--preset--spacing--superbspacing-xsmall);padding-left:var(--wp--preset--spacing--superbspacing-xsmall)\">Contactez-moi<\/a><\/div>\n\n\n\n<div class=\"wp-block-button has-custom-width wp-block-button__width-50 has-custom-font-size has-superbfont-small-font-size\"><a class=\"wp-block-button__link wp-element-button\" href=\"https:\/\/mariehebbelynckphotographie.com\/index.php\/tarifs\/\" style=\"padding-top:var(--wp--preset--spacing--superbspacing-xsmall);padding-right:var(--wp--preset--spacing--superbspacing-xsmall);padding-bottom:var(--wp--preset--spacing--superbspacing-xsmall);padding-left:var(--wp--preset--spacing--superbspacing-xsmall)\">Voir les offres<\/a><\/div>\n<\/div>\n<\/div>\n<\/div>\n<\/div>\n<\/div>\n<\/div>\n<\/div>\n<\/div><\/div>\n","protected":false},"excerpt":{"rendered":"<p>Advantages Reportage commer\u00e7ant Renforcez la visibilit\u00e9 de votre entreprise en ligne, en cr\u00e9ant une connexion \u00e9motionnelle avec vos clients, et en pr\u00e9sentant de mani\u00e8re authentique vos produits ou services. Des images de qualit\u00e9 peuvent \u00e9galement stimuler l&#8217;engagement sur les r\u00e9seaux sociaux et aider \u00e0 diff\u00e9rencier votre commerce de vos concurrents. Visibilit\u00e9 accrue en ligne Des [&hellip;]<\/p>\n","protected":false},"author":1,"featured_media":0,"parent":0,"menu_order":0,"comment_status":"closed","ping_status":"closed","template":"","meta":{"om_disable_all_campaigns":false,"_monsterinsights_skip_tracking":false,"_monsterinsights_sitenote_active":false,"_monsterinsights_sitenote_note":"","_monsterinsights_sitenote_category":0,"footnotes":""},"aioseo_notices":[],"_links":{"self":[{"href":"https:\/\/mariehebbelynckphotographie.com\/index.php\/wp-json\/wp\/v2\/pages\/634"}],"collection":[{"href":"https:\/\/mariehebbelynckphotographie.com\/index.php\/wp-json\/wp\/v2\/pages"}],"about":[{"href":"https:\/\/mariehebbelynckphotographie.com\/index.php\/wp-json\/wp\/v2\/types\/page"}],"author":[{"embeddable":true,"href":"https:\/\/mariehebbelynckphotographie.com\/index.php\/wp-json\/wp\/v2\/users\/1"}],"replies":[{"embeddable":true,"href":"https:\/\/mariehebbelynckphotographie.com\/index.php\/wp-json\/wp\/v2\/comments?post=634"}],"version-history":[{"count":19,"href":"https:\/\/mariehebbelynckphotographie.com\/index.php\/wp-json\/wp\/v2\/pages\/634\/revisions"}],"predecessor-version":[{"id":1145,"href":"https:\/\/mariehebbelynckphotographie.com\/index.php\/wp-json\/wp\/v2\/pages\/634\/revisions\/1145"}],"wp:attachment":[{"href":"https:\/\/mariehebbelynckphotographie.com\/index.php\/wp-json\/wp\/v2\/media?parent=634"}],"curies":[{"name":"wp","href":"https:\/\/api.w.org\/{rel}","templated":true}]}}