{"id":1005,"date":"2025-07-24T21:13:45","date_gmt":"2025-07-24T19:13:45","guid":{"rendered":"https:\/\/mariehebbelynckphotographie.com\/?page_id=1005"},"modified":"2025-08-05T17:04:21","modified_gmt":"2025-08-05T15:04:21","slug":"reportage-gite","status":"publish","type":"page","link":"https:\/\/mariehebbelynckphotographie.com\/index.php\/reportage-gite\/","title":{"rendered":"Reportage G\u00eete"},"content":{"rendered":"\n<div class=\"wp-block-group alignfull superbthemes-navigation-004 is-layout-flow wp-block-group-is-layout-flow\" style=\"margin-top:0;margin-bottom:0\">\n<div class=\"wp-block-cover\" style=\"margin-top:0;margin-bottom:0;padding-top:0;padding-right:0;padding-bottom:var(--wp--preset--spacing--superbspacing-xxlarge);padding-left:0;min-height:100px\"><span aria-hidden=\"true\" class=\"wp-block-cover__background has-background-dim-20 has-background-dim\"><\/span><img loading=\"lazy\" decoding=\"async\" width=\"2560\" height=\"1707\" class=\"wp-block-cover__image-background wp-image-956\" alt=\"\" src=\"http:\/\/mariehebbelynckphotographie.com\/wp-content\/uploads\/2025\/07\/IMG_2620-scaled.jpeg\" data-object-fit=\"cover\" srcset=\"https:\/\/mariehebbelynckphotographie.com\/wp-content\/uploads\/2025\/07\/IMG_2620-scaled.jpeg 2560w, https:\/\/mariehebbelynckphotographie.com\/wp-content\/uploads\/2025\/07\/IMG_2620-300x200.jpeg 300w, https:\/\/mariehebbelynckphotographie.com\/wp-content\/uploads\/2025\/07\/IMG_2620-1024x683.jpeg 1024w, https:\/\/mariehebbelynckphotographie.com\/wp-content\/uploads\/2025\/07\/IMG_2620-768x512.jpeg 768w, https:\/\/mariehebbelynckphotographie.com\/wp-content\/uploads\/2025\/07\/IMG_2620-1536x1024.jpeg 1536w, https:\/\/mariehebbelynckphotographie.com\/wp-content\/uploads\/2025\/07\/IMG_2620-2048x1365.jpeg 2048w\" sizes=\"(max-width: 2560px) 100vw, 2560px\" \/><div class=\"wp-block-cover__inner-container is-layout-flow wp-container-core-cover-layout-1 wp-block-cover-is-layout-flow\">\n<div class=\"wp-block-group has-contrast-light-color has-text-color is-layout-flow wp-block-group-is-layout-flow\"><\/div>\n\n\n\n<div class=\"wp-block-group alignwide has-global-padding is-layout-constrained wp-container-core-group-layout-3 wp-block-group-is-layout-constrained\" style=\"padding-right:var(--wp--preset--spacing--superbspacing-small);padding-left:var(--wp--preset--spacing--superbspacing-small)\">\n<div class=\"wp-block-group alignwide has-global-padding is-layout-constrained wp-block-group-is-layout-constrained\">\n<h1 class=\"wp-block-heading alignwide has-text-align-left has-contrast-light-color has-text-color has-superbfont-xxlarge-font-size\" style=\"font-style:normal;font-weight:700\">Valoriser votre lieu \u2013 pour s\u00e9duire vos futurs visiteurs<\/h1>\n\n\n\n<p class=\"has-text-align-left has-contrast-light-color has-text-color has-superbfont-small-font-size\">Vous accueillez des voyageurs dans un g\u00eete, une maison d\u2019h\u00f4tes, un h\u00f4tel ou un logement en location courte dur\u00e9e ?<br>Je vous aide \u00e0 r\u00e9v\u00e9ler tout le charme de votre lieu en images<\/p>\n\n\n\n<p><\/p>\n<\/div>\n\n\n\n<div class=\"wp-block-buttons is-layout-flex wp-container-core-buttons-layout-1 wp-block-buttons-is-layout-flex\"><\/div>\n<\/div>\n<\/div><\/div>\n<\/div>\n\n\n\n<div class=\"wp-block-group alignfull has-mono-4-background-color has-background has-global-padding is-layout-constrained wp-container-core-group-layout-6 wp-block-group-is-layout-constrained\" style=\"margin-top:0;margin-bottom:0;padding-top:var(--wp--preset--spacing--superbspacing-xxlarge);padding-right:var(--wp--preset--spacing--superbspacing-small);padding-bottom:var(--wp--preset--spacing--superbspacing-xxlarge);padding-left:var(--wp--preset--spacing--superbspacing-small)\">\n<div class=\"wp-block-columns alignwide is-layout-flex wp-container-core-columns-layout-1 wp-block-columns-is-layout-flex\">\n<div class=\"wp-block-column is-vertically-aligned-center is-layout-flow wp-container-core-column-layout-1 wp-block-column-is-layout-flow\" style=\"padding-top:0;padding-right:0;padding-bottom:0;padding-left:0\">\n<div class=\"wp-block-group is-layout-flow wp-container-core-group-layout-5 wp-block-group-is-layout-flow\">\n<h3 class=\"wp-block-heading has-text-align-left has-superbfont-medium-font-size\">Une ambiance qui donne envie de r\u00e9server<\/h3>\n\n\n\n<p class=\"has-superbfont-xsmall-font-size\">Je vous propose un reportage photo chaleureux et authentique, qui met en valeur l\u2019\u00e2me de votre lieu, les petits d\u00e9tails qui font toute la diff\u00e9rence, et l\u2019atmosph\u00e8re que vos futurs visiteurs retrouveront en franchissant votre porte.<\/p>\n<\/div>\n\n\n\n<div class=\"wp-block-buttons is-layout-flex wp-container-core-buttons-layout-2 wp-block-buttons-is-layout-flex\"><\/div>\n<\/div>\n\n\n\n<div class=\"wp-block-column is-vertically-aligned-center is-layout-flow wp-container-core-column-layout-2 wp-block-column-is-layout-flow\" style=\"padding-right:0;padding-bottom:0;padding-left:0\">\n<figure class=\"wp-block-image size-large has-custom-border\"><img loading=\"lazy\" decoding=\"async\" width=\"1024\" height=\"768\" src=\"http:\/\/mariehebbelynckphotographie.com\/wp-content\/uploads\/2025\/07\/IMG_2611-1024x768.jpeg\" alt=\"\" class=\"wp-image-952\" style=\"border-radius:8px\" srcset=\"https:\/\/mariehebbelynckphotographie.com\/wp-content\/uploads\/2025\/07\/IMG_2611-1024x768.jpeg 1024w, https:\/\/mariehebbelynckphotographie.com\/wp-content\/uploads\/2025\/07\/IMG_2611-300x225.jpeg 300w, https:\/\/mariehebbelynckphotographie.com\/wp-content\/uploads\/2025\/07\/IMG_2611-768x576.jpeg 768w, https:\/\/mariehebbelynckphotographie.com\/wp-content\/uploads\/2025\/07\/IMG_2611-1536x1152.jpeg 1536w, https:\/\/mariehebbelynckphotographie.com\/wp-content\/uploads\/2025\/07\/IMG_2611-2048x1536.jpeg 2048w\" sizes=\"(max-width: 1024px) 100vw, 1024px\" \/><\/figure>\n\n\n\n<figure class=\"wp-block-image size-large has-custom-border\"><img loading=\"lazy\" decoding=\"async\" width=\"1024\" height=\"683\" src=\"http:\/\/mariehebbelynckphotographie.com\/wp-content\/uploads\/2025\/07\/IMG_2612-1024x683.jpeg\" alt=\"\" class=\"wp-image-1027\" style=\"border-radius:8px\" srcset=\"https:\/\/mariehebbelynckphotographie.com\/wp-content\/uploads\/2025\/07\/IMG_2612-1024x683.jpeg 1024w, https:\/\/mariehebbelynckphotographie.com\/wp-content\/uploads\/2025\/07\/IMG_2612-300x200.jpeg 300w, https:\/\/mariehebbelynckphotographie.com\/wp-content\/uploads\/2025\/07\/IMG_2612-768x512.jpeg 768w, https:\/\/mariehebbelynckphotographie.com\/wp-content\/uploads\/2025\/07\/IMG_2612-1536x1024.jpeg 1536w, https:\/\/mariehebbelynckphotographie.com\/wp-content\/uploads\/2025\/07\/IMG_2612-2048x1365.jpeg 2048w\" sizes=\"(max-width: 1024px) 100vw, 1024px\" \/><\/figure>\n<\/div>\n<\/div>\n<\/div>\n\n\n\n<div class=\"wp-block-group alignfull has-mono-4-background-color has-background has-global-padding is-layout-constrained wp-container-core-group-layout-8 wp-block-group-is-layout-constrained\" style=\"margin-top:0;margin-bottom:0;padding-top:var(--wp--preset--spacing--superbspacing-xxlarge);padding-right:var(--wp--preset--spacing--superbspacing-small);padding-bottom:var(--wp--preset--spacing--superbspacing-xxlarge);padding-left:var(--wp--preset--spacing--superbspacing-small)\">\n<div class=\"wp-block-group alignwide is-vertical is-content-justification-center is-layout-flex wp-container-core-group-layout-7 wp-block-group-is-layout-flex\">\n<h3 class=\"wp-block-heading has-text-align-left has-primary-color has-text-color has-superbfont-small-font-size\">G\u00eete, Chambre d\u2019h\u00f4tes\u2026<\/h3>\n\n\n\n<h2 class=\"wp-block-heading has-text-align-center has-contrast-color has-text-color has-superbfont-large-font-size\">Donnez vie \u00e0 votre annonce<\/h2>\n\n\n\n<p class=\"has-text-align-center has-secondary-color has-text-color has-superbfont-small-font-size\">Ces images sont id\u00e9ales pour illustrer une fiche Airbnb, Booking ou votre propre site. <br>Elles permettent \u00e0 vos visiteurs de se projeter, d\u2019\u00eatre dans l\u2019ambiance, et de tomber sous le charme avant m\u00eame d\u2019avoir r\u00e9serv\u00e9 !<\/p>\n<\/div>\n\n\n\n<div class=\"wp-block-columns alignwide is-layout-flex wp-container-core-columns-layout-2 wp-block-columns-is-layout-flex\">\n<div class=\"wp-block-column is-vertically-aligned-center is-layout-flow wp-container-core-column-layout-3 wp-block-column-is-layout-flow\">\n<figure class=\"wp-block-image aligncenter size-large has-custom-border\"><img loading=\"lazy\" decoding=\"async\" width=\"1024\" height=\"683\" src=\"http:\/\/mariehebbelynckphotographie.com\/wp-content\/uploads\/2025\/07\/IMG_2693-1024x683.jpeg\" alt=\"\" class=\"wp-image-959\" style=\"border-radius:8px;object-fit:cover\" srcset=\"https:\/\/mariehebbelynckphotographie.com\/wp-content\/uploads\/2025\/07\/IMG_2693-1024x683.jpeg 1024w, https:\/\/mariehebbelynckphotographie.com\/wp-content\/uploads\/2025\/07\/IMG_2693-300x200.jpeg 300w, https:\/\/mariehebbelynckphotographie.com\/wp-content\/uploads\/2025\/07\/IMG_2693-768x512.jpeg 768w, https:\/\/mariehebbelynckphotographie.com\/wp-content\/uploads\/2025\/07\/IMG_2693-1536x1024.jpeg 1536w, https:\/\/mariehebbelynckphotographie.com\/wp-content\/uploads\/2025\/07\/IMG_2693-2048x1365.jpeg 2048w\" sizes=\"(max-width: 1024px) 100vw, 1024px\" \/><\/figure>\n\n\n\n<figure class=\"wp-block-image aligncenter size-large has-custom-border\"><img loading=\"lazy\" decoding=\"async\" width=\"1024\" height=\"683\" src=\"http:\/\/mariehebbelynckphotographie.com\/wp-content\/uploads\/2025\/07\/IMG_2706-1024x683.jpeg\" alt=\"\" class=\"wp-image-1029\" style=\"border-radius:8px;object-fit:cover\" srcset=\"https:\/\/mariehebbelynckphotographie.com\/wp-content\/uploads\/2025\/07\/IMG_2706-1024x683.jpeg 1024w, https:\/\/mariehebbelynckphotographie.com\/wp-content\/uploads\/2025\/07\/IMG_2706-300x200.jpeg 300w, https:\/\/mariehebbelynckphotographie.com\/wp-content\/uploads\/2025\/07\/IMG_2706-768x512.jpeg 768w, https:\/\/mariehebbelynckphotographie.com\/wp-content\/uploads\/2025\/07\/IMG_2706-1536x1024.jpeg 1536w, https:\/\/mariehebbelynckphotographie.com\/wp-content\/uploads\/2025\/07\/IMG_2706-2048x1365.jpeg 2048w\" sizes=\"(max-width: 1024px) 100vw, 1024px\" \/><\/figure>\n\n\n\n<figure class=\"wp-block-image aligncenter size-large has-custom-border\"><img loading=\"lazy\" decoding=\"async\" width=\"1024\" height=\"683\" src=\"http:\/\/mariehebbelynckphotographie.com\/wp-content\/uploads\/2025\/07\/IMG_2620-1024x683.jpeg\" alt=\"\" class=\"wp-image-956\" style=\"border-radius:8px;object-fit:cover\" srcset=\"https:\/\/mariehebbelynckphotographie.com\/wp-content\/uploads\/2025\/07\/IMG_2620-1024x683.jpeg 1024w, https:\/\/mariehebbelynckphotographie.com\/wp-content\/uploads\/2025\/07\/IMG_2620-300x200.jpeg 300w, https:\/\/mariehebbelynckphotographie.com\/wp-content\/uploads\/2025\/07\/IMG_2620-768x512.jpeg 768w, https:\/\/mariehebbelynckphotographie.com\/wp-content\/uploads\/2025\/07\/IMG_2620-1536x1024.jpeg 1536w, https:\/\/mariehebbelynckphotographie.com\/wp-content\/uploads\/2025\/07\/IMG_2620-2048x1365.jpeg 2048w\" sizes=\"(max-width: 1024px) 100vw, 1024px\" \/><\/figure>\n<\/div>\n\n\n\n<div class=\"wp-block-column is-vertically-aligned-center is-layout-flow wp-container-core-column-layout-4 wp-block-column-is-layout-flow\">\n<figure class=\"wp-block-image aligncenter size-large has-custom-border\"><img loading=\"lazy\" decoding=\"async\" width=\"1024\" height=\"683\" src=\"http:\/\/mariehebbelynckphotographie.com\/wp-content\/uploads\/2025\/07\/IMG_2610-1024x683.jpeg\" alt=\"\" class=\"wp-image-951\" style=\"border-radius:8px;object-fit:cover\" srcset=\"https:\/\/mariehebbelynckphotographie.com\/wp-content\/uploads\/2025\/07\/IMG_2610-1024x683.jpeg 1024w, https:\/\/mariehebbelynckphotographie.com\/wp-content\/uploads\/2025\/07\/IMG_2610-300x200.jpeg 300w, https:\/\/mariehebbelynckphotographie.com\/wp-content\/uploads\/2025\/07\/IMG_2610-768x512.jpeg 768w, https:\/\/mariehebbelynckphotographie.com\/wp-content\/uploads\/2025\/07\/IMG_2610-1536x1024.jpeg 1536w, https:\/\/mariehebbelynckphotographie.com\/wp-content\/uploads\/2025\/07\/IMG_2610-2048x1365.jpeg 2048w\" sizes=\"(max-width: 1024px) 100vw, 1024px\" \/><\/figure>\n\n\n\n<figure class=\"wp-block-image aligncenter size-large has-custom-border\"><img loading=\"lazy\" decoding=\"async\" width=\"1024\" height=\"683\" src=\"http:\/\/mariehebbelynckphotographie.com\/wp-content\/uploads\/2025\/07\/IMG_2615-1024x683.jpeg\" alt=\"\" class=\"wp-image-954\" style=\"border-radius:8px;object-fit:cover\" srcset=\"https:\/\/mariehebbelynckphotographie.com\/wp-content\/uploads\/2025\/07\/IMG_2615-1024x683.jpeg 1024w, https:\/\/mariehebbelynckphotographie.com\/wp-content\/uploads\/2025\/07\/IMG_2615-300x200.jpeg 300w, https:\/\/mariehebbelynckphotographie.com\/wp-content\/uploads\/2025\/07\/IMG_2615-768x512.jpeg 768w, https:\/\/mariehebbelynckphotographie.com\/wp-content\/uploads\/2025\/07\/IMG_2615-1536x1024.jpeg 1536w, https:\/\/mariehebbelynckphotographie.com\/wp-content\/uploads\/2025\/07\/IMG_2615-2048x1365.jpeg 2048w\" sizes=\"(max-width: 1024px) 100vw, 1024px\" \/><\/figure>\n\n\n\n<figure class=\"wp-block-image aligncenter size-large has-custom-border\"><img loading=\"lazy\" decoding=\"async\" width=\"1024\" height=\"683\" src=\"http:\/\/mariehebbelynckphotographie.com\/wp-content\/uploads\/2025\/07\/IMG_2703-1024x683.jpeg\" alt=\"\" class=\"wp-image-1028\" style=\"border-radius:8px;object-fit:cover\" srcset=\"https:\/\/mariehebbelynckphotographie.com\/wp-content\/uploads\/2025\/07\/IMG_2703-1024x683.jpeg 1024w, https:\/\/mariehebbelynckphotographie.com\/wp-content\/uploads\/2025\/07\/IMG_2703-300x200.jpeg 300w, https:\/\/mariehebbelynckphotographie.com\/wp-content\/uploads\/2025\/07\/IMG_2703-768x512.jpeg 768w, https:\/\/mariehebbelynckphotographie.com\/wp-content\/uploads\/2025\/07\/IMG_2703-1536x1024.jpeg 1536w, https:\/\/mariehebbelynckphotographie.com\/wp-content\/uploads\/2025\/07\/IMG_2703-2048x1365.jpeg 2048w\" sizes=\"(max-width: 1024px) 100vw, 1024px\" \/><\/figure>\n<\/div>\n<\/div>\n<\/div>\n\n\n\n<p><\/p>\n\n\n\n<div class=\"wp-block-group alignfull has-global-padding is-layout-constrained wp-container-core-group-layout-10 wp-block-group-is-layout-constrained\" style=\"margin-top:0;margin-bottom:0;padding-top:var(--wp--preset--spacing--superbspacing-xxlarge);padding-right:var(--wp--preset--spacing--superbspacing-small);padding-bottom:var(--wp--preset--spacing--superbspacing-xxlarge);padding-left:var(--wp--preset--spacing--superbspacing-small)\">\n<div class=\"wp-block-columns alignwide is-layout-flex wp-container-core-columns-layout-3 wp-block-columns-is-layout-flex\">\n<div class=\"wp-block-column is-vertically-aligned-center is-layout-flow wp-container-core-column-layout-5 wp-block-column-is-layout-flow\" style=\"padding-right:0;padding-bottom:0;padding-left:0\">\n<figure class=\"wp-block-image size-large has-custom-border\"><img loading=\"lazy\" decoding=\"async\" width=\"1024\" height=\"683\" src=\"http:\/\/mariehebbelynckphotographie.com\/wp-content\/uploads\/2025\/07\/IMG_6893-1024x683.jpeg\" alt=\"\" class=\"wp-image-1014\" style=\"border-radius:8px\" srcset=\"https:\/\/mariehebbelynckphotographie.com\/wp-content\/uploads\/2025\/07\/IMG_6893-1024x683.jpeg 1024w, https:\/\/mariehebbelynckphotographie.com\/wp-content\/uploads\/2025\/07\/IMG_6893-300x200.jpeg 300w, https:\/\/mariehebbelynckphotographie.com\/wp-content\/uploads\/2025\/07\/IMG_6893-768x512.jpeg 768w, https:\/\/mariehebbelynckphotographie.com\/wp-content\/uploads\/2025\/07\/IMG_6893-1536x1024.jpeg 1536w, https:\/\/mariehebbelynckphotographie.com\/wp-content\/uploads\/2025\/07\/IMG_6893-2048x1365.jpeg 2048w\" sizes=\"(max-width: 1024px) 100vw, 1024px\" \/><\/figure>\n<\/div>\n\n\n\n<div class=\"wp-block-column is-vertically-aligned-center is-layout-flow wp-container-core-column-layout-6 wp-block-column-is-layout-flow\" style=\"padding-top:0;padding-right:0;padding-bottom:0;padding-left:0\">\n<div class=\"wp-block-group is-layout-flow wp-container-core-group-layout-9 wp-block-group-is-layout-flow\">\n<h3 class=\"wp-block-heading has-text-align-left has-superbfont-large-font-size\">Chaque lieu \u00e0 une \u00e2me<\/h3>\n\n\n\n<p class=\"has-superbfont-xsmall-font-size\">Mon objectif est de la capter en photo : une belle lumi\u00e8re, la chaleur d\u2019un mur en pierre, le confort d\u2019un lit joliment pr\u00e9par\u00e9.<\/p>\n\n\n\n<p class=\"has-superbfont-xsmall-font-size\">Je privil\u00e9gie la lumi\u00e8re naturelle et les d\u00e9tails authentiques pour cr\u00e9er un reportage fid\u00e8le et inspirant.<\/p>\n<\/div>\n<\/div>\n<\/div>\n<\/div>\n\n\n\n<div class=\"wp-block-group alignfull has-mono-4-background-color has-background has-global-padding is-layout-constrained wp-container-core-group-layout-11 wp-block-group-is-layout-constrained\" style=\"margin-top:0;margin-bottom:0;padding-top:var(--wp--preset--spacing--superbspacing-xxlarge);padding-right:var(--wp--preset--spacing--superbspacing-small);padding-bottom:var(--wp--preset--spacing--superbspacing-xxlarge);padding-left:var(--wp--preset--spacing--superbspacing-small)\">\n<figure class=\"wp-block-image alignwide size-large has-custom-border\"><img loading=\"lazy\" decoding=\"async\" width=\"1024\" height=\"1024\" src=\"http:\/\/mariehebbelynckphotographie.com\/wp-content\/uploads\/2025\/07\/IMG_2634-1024x1024.jpeg\" alt=\"\" class=\"wp-image-992\" style=\"border-radius:8px\" srcset=\"https:\/\/mariehebbelynckphotographie.com\/wp-content\/uploads\/2025\/07\/IMG_2634-1024x1024.jpeg 1024w, https:\/\/mariehebbelynckphotographie.com\/wp-content\/uploads\/2025\/07\/IMG_2634-300x300.jpeg 300w, https:\/\/mariehebbelynckphotographie.com\/wp-content\/uploads\/2025\/07\/IMG_2634-150x150.jpeg 150w, https:\/\/mariehebbelynckphotographie.com\/wp-content\/uploads\/2025\/07\/IMG_2634-768x768.jpeg 768w, https:\/\/mariehebbelynckphotographie.com\/wp-content\/uploads\/2025\/07\/IMG_2634-1536x1536.jpeg 1536w, https:\/\/mariehebbelynckphotographie.com\/wp-content\/uploads\/2025\/07\/IMG_2634-2048x2048.jpeg 2048w\" sizes=\"(max-width: 1024px) 100vw, 1024px\" \/><\/figure>\n<\/div>\n\n\n\n<div class=\"wp-block-group alignfull has-base-background-color has-background has-global-padding is-layout-constrained wp-container-core-group-layout-15 wp-block-group-is-layout-constrained\" style=\"margin-top:0;margin-bottom:0;padding-top:var(--wp--preset--spacing--superbspacing-xxlarge);padding-right:var(--wp--preset--spacing--superbspacing-small);padding-bottom:var(--wp--preset--spacing--superbspacing-xxlarge);padding-left:var(--wp--preset--spacing--superbspacing-small)\">\n<div class=\"wp-block-cover alignwide\" style=\"border-radius:8px;padding-top:var(--wp--preset--spacing--superbspacing-xxlarge);padding-right:var(--wp--preset--spacing--superbspacing-medium);padding-bottom:var(--wp--preset--spacing--superbspacing-xxlarge);padding-left:var(--wp--preset--spacing--superbspacing-medium)\"><span aria-hidden=\"true\" class=\"wp-block-cover__background has-background-dim-20 has-background-dim\"><\/span><img loading=\"lazy\" decoding=\"async\" width=\"2560\" height=\"1920\" class=\"wp-block-cover__image-background wp-image-1017\" alt=\"\" src=\"http:\/\/mariehebbelynckphotographie.com\/wp-content\/uploads\/2025\/07\/IMG_6877-scaled.jpeg\" data-object-fit=\"cover\" srcset=\"https:\/\/mariehebbelynckphotographie.com\/wp-content\/uploads\/2025\/07\/IMG_6877-scaled.jpeg 2560w, https:\/\/mariehebbelynckphotographie.com\/wp-content\/uploads\/2025\/07\/IMG_6877-300x225.jpeg 300w, https:\/\/mariehebbelynckphotographie.com\/wp-content\/uploads\/2025\/07\/IMG_6877-1024x768.jpeg 1024w, https:\/\/mariehebbelynckphotographie.com\/wp-content\/uploads\/2025\/07\/IMG_6877-768x576.jpeg 768w, https:\/\/mariehebbelynckphotographie.com\/wp-content\/uploads\/2025\/07\/IMG_6877-1536x1152.jpeg 1536w, https:\/\/mariehebbelynckphotographie.com\/wp-content\/uploads\/2025\/07\/IMG_6877-2048x1536.jpeg 2048w\" sizes=\"(max-width: 2560px) 100vw, 2560px\" \/><div class=\"wp-block-cover__inner-container has-global-padding is-layout-constrained wp-container-core-cover-layout-2 wp-block-cover-is-layout-constrained\">\n<div class=\"wp-block-group has-global-padding is-layout-constrained wp-container-core-group-layout-12 wp-block-group-is-layout-constrained\">\n<h3 class=\"wp-block-heading has-text-align-center has-contrast-light-color has-text-color has-superbfont-large-font-size\">Envie d\u2019un reportage photo?<\/h3>\n<\/div>\n\n\n\n<div class=\"wp-block-group has-contrast-light-background-color has-background has-global-padding is-layout-constrained wp-container-core-group-layout-14 wp-block-group-is-layout-constrained\" style=\"border-radius:8px;padding-top:var(--wp--preset--spacing--superbspacing-xsmall);padding-right:var(--wp--preset--spacing--superbspacing-small);padding-bottom:var(--wp--preset--spacing--superbspacing-xsmall);padding-left:var(--wp--preset--spacing--superbspacing-small)\">\n<div class=\"wp-block-columns are-vertically-aligned-center is-layout-flex wp-container-core-columns-layout-5 wp-block-columns-is-layout-flex\">\n<div class=\"wp-block-column is-vertically-aligned-center is-layout-flow wp-block-column-is-layout-flow\">\n<div class=\"wp-block-group has-contrast-light-background-color has-background has-global-padding is-layout-constrained wp-container-core-group-layout-13 wp-block-group-is-layout-constrained\" style=\"border-radius:8px;padding-top:var(--wp--preset--spacing--superbspacing-xsmall);padding-right:var(--wp--preset--spacing--superbspacing-small);padding-bottom:var(--wp--preset--spacing--superbspacing-xsmall);padding-left:var(--wp--preset--spacing--superbspacing-small)\">\n<div class=\"wp-block-columns are-vertically-aligned-center is-layout-flex wp-container-core-columns-layout-4 wp-block-columns-is-layout-flex\">\n<div class=\"wp-block-column is-vertically-aligned-center is-layout-flow wp-block-column-is-layout-flow\">\n<p class=\"has-text-align-center has-superbfont-xsmall-font-size\">Chaque projet est unique.<\/p>\n\n\n\n<p class=\"has-text-align-center has-superbfont-xxsmall-font-size\">Vous pouvez consulter mes formules ou m\u2019\u00e9crire pour imaginer ensemble une proposition sur mesure.<\/p>\n\n\n\n<div class=\"wp-block-buttons is-content-justification-center is-layout-flex wp-container-core-buttons-layout-3 wp-block-buttons-is-layout-flex\">\n<div class=\"wp-block-button has-custom-width wp-block-button__width-50 has-custom-font-size has-superbfont-small-font-size\"><a class=\"wp-block-button__link wp-element-button\" href=\"https:\/\/mariehebbelynckphotographie.com\/index.php\/contact\/\" style=\"padding-top:var(--wp--preset--spacing--superbspacing-xsmall);padding-right:var(--wp--preset--spacing--superbspacing-xsmall);padding-bottom:var(--wp--preset--spacing--superbspacing-xsmall);padding-left:var(--wp--preset--spacing--superbspacing-xsmall)\">Contactez-moi<\/a><\/div>\n\n\n\n<div class=\"wp-block-button has-custom-width wp-block-button__width-50 has-custom-font-size has-superbfont-small-font-size\"><a class=\"wp-block-button__link wp-element-button\" href=\"https:\/\/mariehebbelynckphotographie.com\/index.php\/tarifs\/\" style=\"padding-top:var(--wp--preset--spacing--superbspacing-xsmall);padding-right:var(--wp--preset--spacing--superbspacing-xsmall);padding-bottom:var(--wp--preset--spacing--superbspacing-xsmall);padding-left:var(--wp--preset--spacing--superbspacing-xsmall)\">Voir les offres<\/a><\/div>\n<\/div>\n<\/div>\n<\/div>\n<\/div>\n<\/div>\n<\/div>\n<\/div>\n<\/div><\/div>\n\n\n\n<div class=\"wp-block-columns alignwide is-layout-flex wp-container-core-columns-layout-6 wp-block-columns-is-layout-flex\">\n<div class=\"wp-block-column is-vertically-aligned-center is-layout-flow wp-container-core-column-layout-9 wp-block-column-is-layout-flow\"><\/div>\n<\/div>\n<\/div>\n","protected":false},"excerpt":{"rendered":"<p>Une ambiance qui donne envie de r\u00e9server Je vous propose un reportage photo chaleureux et authentique, qui met en valeur l\u2019\u00e2me de votre lieu, les petits d\u00e9tails qui font toute la diff\u00e9rence, et l\u2019atmosph\u00e8re que vos futurs visiteurs retrouveront en franchissant votre porte. G\u00eete, Chambre d\u2019h\u00f4tes\u2026 Donnez vie \u00e0 votre annonce Ces images sont id\u00e9ales [&hellip;]<\/p>\n","protected":false},"author":1,"featured_media":0,"parent":0,"menu_order":0,"comment_status":"closed","ping_status":"closed","template":"","meta":{"om_disable_all_campaigns":false,"_monsterinsights_skip_tracking":false,"_monsterinsights_sitenote_active":false,"_monsterinsights_sitenote_note":"","_monsterinsights_sitenote_category":0,"footnotes":""},"aioseo_notices":[],"_links":{"self":[{"href":"https:\/\/mariehebbelynckphotographie.com\/index.php\/wp-json\/wp\/v2\/pages\/1005"}],"collection":[{"href":"https:\/\/mariehebbelynckphotographie.com\/index.php\/wp-json\/wp\/v2\/pages"}],"about":[{"href":"https:\/\/mariehebbelynckphotographie.com\/index.php\/wp-json\/wp\/v2\/types\/page"}],"author":[{"embeddable":true,"href":"https:\/\/mariehebbelynckphotographie.com\/index.php\/wp-json\/wp\/v2\/users\/1"}],"replies":[{"embeddable":true,"href":"https:\/\/mariehebbelynckphotographie.com\/index.php\/wp-json\/wp\/v2\/comments?post=1005"}],"version-history":[{"count":11,"href":"https:\/\/mariehebbelynckphotographie.com\/index.php\/wp-json\/wp\/v2\/pages\/1005\/revisions"}],"predecessor-version":[{"id":1146,"href":"https:\/\/mariehebbelynckphotographie.com\/index.php\/wp-json\/wp\/v2\/pages\/1005\/revisions\/1146"}],"wp:attachment":[{"href":"https:\/\/mariehebbelynckphotographie.com\/index.php\/wp-json\/wp\/v2\/media?parent=1005"}],"curies":[{"name":"wp","href":"https:\/\/api.w.org\/{rel}","templated":true}]}}